{"id":800,"date":"2024-01-29T20:27:47","date_gmt":"2024-01-29T20:27:47","guid":{"rendered":"https:\/\/www.rgit-usa.com\/events\/"},"modified":"2024-02-23T17:52:28","modified_gmt":"2024-02-23T17:52:28","slug":"veranstaltungen","status":"publish","type":"page","link":"https:\/\/www.rgit-usa.com\/de\/veranstaltungen\/","title":{"rendered":"VERANSTALTUNGEN"},"content":{"rendered":"<div class=\"wpb-content-wrapper\">[vc_row full_width=&#8220;stretch_row_content&#8220; content_placement=&#8220;middle&#8220; remove_bottom_col_margin=&#8220;true&#8220; min_height=&#8220;250px&#8220; css=&#8220;.vc_custom_1706560059902{background-image: url(https:\/\/www.rgit-usa.com\/wp-content\/uploads\/2024\/01\/bg-events.jpg?id=571) !important;background-position: center !important;background-repeat: no-repeat !important;background-size: cover !important;}&#8220; wpex_bg_position=&#8220;bottom center&#8220; wpex_bg_overlay=&#8220;dark&#8220; wpex_bg_overlay_opacity=&#8220;45%&#8220;][vc_column][vc_custom_heading text=&#8220;Veranstaltungen&#8220; font_container=&#8220;tag:h1|text_align:center|color:%23ffffff&#8220; google_fonts=&#8220;font_family:Lato%3A100%2C100italic%2C300%2C300italic%2Cregular%2Citalic%2C700%2C700italic%2C900%2C900italic|font_style:400%20regular%3A400%3Anormal&#8220;][\/vc_column][\/vc_row][vc_row full_width=&#8220;stretch_row&#8220; remove_bottom_col_margin=&#8220;true&#8220; css=&#8220;.vc_custom_1706312407597{padding-top: 50px !important;}&#8220;][vc_column][vc_column_text text_align=&#8220;center&#8220;]\n<h1>Aktuelle Veranstaltungen<\/h1>\n<p>Wenn Sie Benachrichtigungen \u00fcber bevorstehende Veranstaltungen erhalten m\u00f6chten, f\u00fcllen Sie bitte das untenstehende <a href=\"\/de\/veranstaltungen#signup\">Anmeldeformular<\/a> aus.[\/vc_column_text][\/vc_column][\/vc_row][vc_row full_width=&#8220;stretch_row&#8220; gap=&#8220;20&#8243; equal_height=&#8220;yes&#8220; disable_element=&#8220;yes&#8220; css=&#8220;.vc_custom_1707935996689{padding-top: 50px !important;}&#8220;][vc_column width=&#8220;1\/3&#8243; css=&#8220;.vc_custom_1706564137622{padding-top: 25px !important;padding-bottom: 25px !important;background-color: #ffcc00 !important;}&#8220;]<div class=\"vcex-module vcex-icon-box vcex-icon-box-two wpex-block wpex-text-center\"><div class=\"vcex-icon-box-symbol wpex-mb-20\"><div class=\"vcex-icon-box-icon wpex-inline-flex wpex-items-center wpex-justify-center wpex-child-inherit-color wpex-text-center wpex-leading-none wpex-text-1\" style=\"font-size:var(--vcex-icon-md);\"><span class=\"ticon ticon-calendar\" aria-hidden=\"true\"><\/span><\/div><\/div><div class=\"vcex-icon-box-text\"><h2 class=\"vcex-icon-box-heading wpex-heading wpex-text-md wpex-mb-10\">Praesent pretium massa dignissim, pulvinar quam.<\/h2><div class=\"vcex-icon-box-content wpex-last-mb-0 wpex-clr\"><p>Feb. 1, 2024 \u2013 9AM<br \/>\nWashington, DC<\/p>\n<\/div><\/div><\/div>[\/vc_column][vc_column width=&#8220;1\/3&#8243; css=&#8220;.vc_custom_1706564146756{padding-top: 25px !important;padding-bottom: 25px !important;background-color: #ffcc00 !important;}&#8220;]<div class=\"vcex-module vcex-icon-box vcex-icon-box-two wpex-block wpex-text-center\"><div class=\"vcex-icon-box-symbol wpex-mb-20\"><div class=\"vcex-icon-box-icon wpex-inline-flex wpex-items-center wpex-justify-center wpex-child-inherit-color wpex-text-center wpex-leading-none wpex-text-1\" style=\"font-size:var(--vcex-icon-md);\"><span class=\"ticon ticon-calendar\" aria-hidden=\"true\"><\/span><\/div><\/div><div class=\"vcex-icon-box-text\"><h2 class=\"vcex-icon-box-heading wpex-heading wpex-text-md wpex-mb-10\">Praesent pretium massa dignissim, pulvinar quam.<\/h2><div class=\"vcex-icon-box-content wpex-last-mb-0 wpex-clr\"><p>Feb. 1, 2024 \u2013 9AM<br \/>\nWashington, DC<\/p>\n<\/div><\/div><\/div>[\/vc_column][vc_column width=&#8220;1\/3&#8243; css=&#8220;.vc_custom_1706564712124{padding-top: 25px !important;padding-bottom: 25px !important;background-color: #ffcc00 !important;}&#8220;]<div class=\"vcex-module vcex-icon-box vcex-icon-box-two wpex-block wpex-text-center\"><div class=\"vcex-icon-box-symbol wpex-mb-20\"><div class=\"vcex-icon-box-icon wpex-inline-flex wpex-items-center wpex-justify-center wpex-child-inherit-color wpex-text-center wpex-leading-none wpex-text-1\" style=\"font-size:var(--vcex-icon-md);\"><span class=\"ticon ticon-calendar\" aria-hidden=\"true\"><\/span><\/div><\/div><div class=\"vcex-icon-box-text\"><h2 class=\"vcex-icon-box-heading wpex-heading wpex-text-md wpex-mb-10\">Praesent pretium massa dignissim, pulvinar quam.<\/h2><div class=\"vcex-icon-box-content wpex-last-mb-0 wpex-clr\"><p>Feb. 1, 2024 \u2013 9AM<br \/>\nWashington, DC<\/p>\n<\/div><\/div><\/div>[\/vc_column][\/vc_row][vc_row full_width=&#8220;stretch_row&#8220; gap=&#8220;20&#8243; equal_height=&#8220;yes&#8220; disable_element=&#8220;yes&#8220; css=&#8220;.vc_custom_1707936006639{padding-bottom: 100px !important;}&#8220;][vc_column width=&#8220;1\/3&#8243; css=&#8220;.vc_custom_1706564137622{padding-top: 25px !important;padding-bottom: 25px !important;background-color: #ffcc00 !important;}&#8220;]<div class=\"vcex-module vcex-icon-box vcex-icon-box-two wpex-block wpex-text-center\"><div class=\"vcex-icon-box-symbol wpex-mb-20\"><div class=\"vcex-icon-box-icon wpex-inline-flex wpex-items-center wpex-justify-center wpex-child-inherit-color wpex-text-center wpex-leading-none wpex-text-1\" style=\"font-size:var(--vcex-icon-md);\"><span class=\"ticon ticon-calendar\" aria-hidden=\"true\"><\/span><\/div><\/div><div class=\"vcex-icon-box-text\"><h2 class=\"vcex-icon-box-heading wpex-heading wpex-text-md wpex-mb-10\">Praesent pretium massa dignissim, pulvinar quam.<\/h2><div class=\"vcex-icon-box-content wpex-last-mb-0 wpex-clr\"><p>Feb. 1, 2024 \u2013 9AM<br \/>\nWashington, DC<\/p>\n<\/div><\/div><\/div>[\/vc_column][vc_column width=&#8220;1\/3&#8243; css=&#8220;.vc_custom_1706564146756{padding-top: 25px !important;padding-bottom: 25px !important;background-color: #ffcc00 !important;}&#8220;]<div class=\"vcex-module vcex-icon-box vcex-icon-box-two wpex-block wpex-text-center\"><div class=\"vcex-icon-box-symbol wpex-mb-20\"><div class=\"vcex-icon-box-icon wpex-inline-flex wpex-items-center wpex-justify-center wpex-child-inherit-color wpex-text-center wpex-leading-none wpex-text-1\" style=\"font-size:var(--vcex-icon-md);\"><span class=\"ticon ticon-calendar\" aria-hidden=\"true\"><\/span><\/div><\/div><div class=\"vcex-icon-box-text\"><h2 class=\"vcex-icon-box-heading wpex-heading wpex-text-md wpex-mb-10\">Praesent pretium massa dignissim, pulvinar quam.<\/h2><div class=\"vcex-icon-box-content wpex-last-mb-0 wpex-clr\"><p>Feb. 1, 2024 \u2013 9AM<br \/>\nWashington, DC<\/p>\n<\/div><\/div><\/div>[\/vc_column][vc_column width=&#8220;1\/3&#8243; css=&#8220;.vc_custom_1706564153814{padding-top: 25px !important;padding-bottom: 25px !important;background-color: #ffcc00 !important;}&#8220;]<div class=\"vcex-module vcex-icon-box vcex-icon-box-two wpex-block wpex-text-center\"><div class=\"vcex-icon-box-symbol wpex-mb-20\"><div class=\"vcex-icon-box-icon wpex-inline-flex wpex-items-center wpex-justify-center wpex-child-inherit-color wpex-text-center wpex-leading-none wpex-text-1\" style=\"font-size:var(--vcex-icon-md);\"><span class=\"ticon ticon-calendar\" aria-hidden=\"true\"><\/span><\/div><\/div><div class=\"vcex-icon-box-text\"><h2 class=\"vcex-icon-box-heading wpex-heading wpex-text-md wpex-mb-10\">Praesent pretium massa dignissim, pulvinar quam.<\/h2><div class=\"vcex-icon-box-content wpex-last-mb-0 wpex-clr\"><p>Feb. 1, 2024 \u2013 9AM<br \/>\nWashington, DC<\/p>\n<\/div><\/div><\/div>[\/vc_column][\/vc_row][vc_row local_scroll_id=&#8220;signup&#8220; css=&#8220;.vc_custom_1708535768984{padding-top: 100px !important;}&#8220;][vc_column]<div class=\"wpforms-container wpforms-container-full wpforms-render-modern\" id=\"wpforms-785\"><form id=\"wpforms-form-785\" class=\"wpforms-validate wpforms-form wpforms-ajax-form\" data-formid=\"785\" method=\"post\" enctype=\"multipart\/form-data\" action=\"\/de\/wp-json\/wp\/v2\/pages\/800\" data-token=\"ae91fd066b2a5ec8231e27ecc5ce8e72\" data-token-time=\"1776405112\"><noscript class=\"wpforms-error-noscript\">Bitte aktiviere JavaScript in deinem Browser, um dieses Formular fertigzustellen.<\/noscript><div class=\"wpforms-hidden\" id=\"wpforms-error-noscript\">Bitte aktiviere JavaScript in deinem Browser, um dieses Formular fertigzustellen.<\/div><div class=\"wpforms-field-container\"><div id=\"wpforms-785-field_1-container\" class=\"wpforms-field wpforms-field-name\" data-field-id=\"1\"><fieldset><legend class=\"wpforms-field-label\">Name <span class=\"wpforms-required-label\" aria-hidden=\"true\">*<\/span><\/legend><div class=\"wpforms-field-row wpforms-field-large\"><div class=\"wpforms-field-row-block wpforms-first wpforms-one-half\"><input type=\"text\" id=\"wpforms-785-field_1\" class=\"wpforms-field-name-first wpforms-field-required\" name=\"wpforms[fields][1][first]\" aria-errormessage=\"wpforms-785-field_1-error\" required><label for=\"wpforms-785-field_1\" class=\"wpforms-field-sublabel after\">Vorname<\/label><\/div><div class=\"wpforms-field-row-block wpforms-one-half\"><input type=\"text\" id=\"wpforms-785-field_1-last\" class=\"wpforms-field-name-last wpforms-field-required\" name=\"wpforms[fields][1][last]\" aria-errormessage=\"wpforms-785-field_1-last-error\" required><label for=\"wpforms-785-field_1-last\" class=\"wpforms-field-sublabel after\">Nachname<\/label><\/div><\/div><\/fieldset><\/div><div id=\"wpforms-785-field_2-container\" class=\"wpforms-field wpforms-field-email\" data-field-id=\"2\"><label class=\"wpforms-field-label\" for=\"wpforms-785-field_2\">Email <span class=\"wpforms-required-label\" aria-hidden=\"true\">*<\/span><\/label><input type=\"email\" id=\"wpforms-785-field_2\" class=\"wpforms-field-large wpforms-field-required\" name=\"wpforms[fields][2]\" spellcheck=\"false\" aria-errormessage=\"wpforms-785-field_2-error\" required><\/div><div id=\"wpforms-785-field_4-container\" class=\"wpforms-field wpforms-field-text\" data-field-id=\"4\"><label class=\"wpforms-field-label\" for=\"wpforms-785-field_4\">Organization <span class=\"wpforms-required-label\" aria-hidden=\"true\">*<\/span><\/label><input type=\"text\" id=\"wpforms-785-field_4\" class=\"wpforms-field-large wpforms-field-required\" name=\"wpforms[fields][4]\" aria-errormessage=\"wpforms-785-field_4-error\" required><\/div><div id=\"wpforms-785-field_3-container\" class=\"wpforms-field wpforms-field-text\" data-field-id=\"3\"><label class=\"wpforms-field-label\" for=\"wpforms-785-field_3\">Position <span class=\"wpforms-required-label\" aria-hidden=\"true\">*<\/span><\/label><input type=\"text\" id=\"wpforms-785-field_3\" class=\"wpforms-field-large wpforms-field-required\" name=\"wpforms[fields][3]\" aria-errormessage=\"wpforms-785-field_3-error\" required><\/div><\/div><!-- .wpforms-field-container --><div class=\"wpforms-recaptcha-container wpforms-is-recaptcha wpforms-is-recaptcha-type-v3\" ><input type=\"hidden\" name=\"wpforms[recaptcha]\" value=\"\"><\/div><div class=\"wpforms-submit-container\" ><input type=\"hidden\" name=\"wpforms[id]\" value=\"785\"><input type=\"hidden\" name=\"page_title\" value=\"\"><input type=\"hidden\" name=\"page_url\" value=\"https:\/\/www.rgit-usa.com\/de\/wp-json\/wp\/v2\/pages\/800\"><button type=\"submit\" name=\"wpforms[submit]\" id=\"wpforms-submit-785\" class=\"wpforms-submit\" data-alt-text=\"Sending...\" data-submit-text=\"Submit\" aria-live=\"assertive\" value=\"wpforms-submit\">Submit<\/button><img src=\"https:\/\/www.rgit-usa.com\/wp-content\/plugins\/wpforms-lite\/assets\/images\/submit-spin.svg\" class=\"wpforms-submit-spinner\" style=\"display: none;\" width=\"26\" height=\"26\" alt=\"Wird geladen\"><\/div><\/form><\/div>  <!-- .wpforms-container -->[\/vc_column][\/vc_row]\n<\/div>","protected":false},"excerpt":{"rendered":"<p>[vc_row full_width=&#8220;stretch_row_content&#8220; content_placement=&#8220;middle&#8220; remove_bottom_col_margin=&#8220;true&#8220; min_height=&#8220;250px&#8220; css=&#8220;.vc_custom_1706560059902{background-image: url(https:\/\/www.rgit-usa.com\/wp-content\/uploads\/2024\/01\/bg-events.jpg?id=571) !important;background-position: center !important;background-repeat: no-repeat !important;background-size: cover !important;}&#8220; wpex_bg_position=&#8220;bottom center&#8220; wpex_bg_overlay=&#8220;dark&#8220; wpex_bg_overlay_opacity=&#8220;45%&#8220;][vc_column][vc_custom_heading text=&#8220;Veranstaltungen&#8220; font_container=&#8220;tag:h1|text_align:center|color:%23ffffff&#8220; google_fonts=&#8220;font_family:Lato%3A100%2C100italic%2C300%2C300italic%2Cregular%2Citalic%2C700%2C700italic%2C900%2C900italic|font_style:400%20regular%3A400%3Anormal&#8220;][\/vc_column][\/vc_row][vc_row full_width=&#8220;stretch_row&#8220; remove_bottom_col_margin=&#8220;true&#8220; css=&#8220;.vc_custom_1706312407597{padding-top: 50px !important;}&#8220;][vc_column][vc_column_text text_align=&#8220;center&#8220;] Aktuelle Veranstaltungen Wenn Sie Benachrichtigungen \u00fcber bevorstehende Veranstaltungen erhalten m\u00f6chten, f\u00fcllen Sie bitte das untenstehende Anmeldeformular aus.[\/vc_column_text][\/vc_column][\/vc_row][vc_row full_width=&#8220;stretch_row&#8220; gap=&#8220;20&#8243; equal_height=&#8220;yes&#8220; disable_element=&#8220;yes&#8220; css=&#8220;.vc_custom_1707935996689{padding-top: 50px !important;}&#8220;][vc_column width=&#8220;1\/3&#8243; css=&#8220;.vc_custom_1706564137622{padding-top: 25px !important;padding-bottom:&hellip;<\/p>\n","protected":false},"author":1,"featured_media":0,"parent":0,"menu_order":0,"comment_status":"closed","ping_status":"closed","template":"","meta":{"footnotes":""},"yoast_head":"<!-- This site is optimized with the Yoast SEO plugin v22.1 - https:\/\/yoast.com\/wordpress\/plugins\/seo\/ -->\n<title>Upcoming Events | Representative of German Industry and Trade<\/title>\n<meta name=\"description\" content=\"RGIT is committed to a transatlantic exchange of ideas. Sign up to receive notifications for upcoming events.\" \/>\n<meta name=\"robots\" content=\"index, follow, max-snippet:-1, max-image-preview:large, max-video-preview:-1\" \/>\n<link rel=\"canonical\" href=\"https:\/\/www.rgit-usa.com\/de\/veranstaltungen\/\" \/>\n<meta property=\"og:locale\" content=\"de_DE\" \/>\n<meta property=\"og:type\" content=\"article\" \/>\n<meta property=\"og:title\" content=\"Upcoming Events | Representative of German Industry and Trade\" \/>\n<meta property=\"og:description\" content=\"RGIT is committed to a transatlantic exchange of ideas. Sign up to receive notifications for upcoming events.\" \/>\n<meta property=\"og:url\" content=\"https:\/\/www.rgit-usa.com\/de\/veranstaltungen\/\" \/>\n<meta property=\"og:site_name\" content=\"RGIT\" \/>\n<meta property=\"article:modified_time\" content=\"2024-02-23T17:52:28+00:00\" \/>\n<meta name=\"twitter:card\" content=\"summary_large_image\" \/>\n<meta name=\"twitter:site\" content=\"@RGIT_USA\" \/>\n<meta name=\"twitter:label1\" content=\"Gesch\u00e4tzte Lesezeit\" \/>\n\t<meta name=\"twitter:data1\" content=\"1\u00a0Minute\" \/>\n<script type=\"application\/ld+json\" class=\"yoast-schema-graph\">{\"@context\":\"https:\/\/schema.org\",\"@graph\":[{\"@type\":\"WebPage\",\"@id\":\"https:\/\/www.rgit-usa.com\/de\/veranstaltungen\/\",\"url\":\"https:\/\/www.rgit-usa.com\/de\/veranstaltungen\/\",\"name\":\"Upcoming Events | Representative of German Industry and Trade\",\"isPartOf\":{\"@id\":\"https:\/\/www.rgit-usa.com\/de\/#website\"},\"datePublished\":\"2024-01-29T20:27:47+00:00\",\"dateModified\":\"2024-02-23T17:52:28+00:00\",\"description\":\"RGIT is committed to a transatlantic exchange of ideas. Sign up to receive notifications for upcoming events.\",\"breadcrumb\":{\"@id\":\"https:\/\/www.rgit-usa.com\/de\/veranstaltungen\/#breadcrumb\"},\"inLanguage\":\"de\",\"potentialAction\":[{\"@type\":\"ReadAction\",\"target\":[\"https:\/\/www.rgit-usa.com\/de\/veranstaltungen\/\"]}]},{\"@type\":\"BreadcrumbList\",\"@id\":\"https:\/\/www.rgit-usa.com\/de\/veranstaltungen\/#breadcrumb\",\"itemListElement\":[{\"@type\":\"ListItem\",\"position\":1,\"name\":\"Home\",\"item\":\"https:\/\/www.rgit-usa.com\/de\/\"},{\"@type\":\"ListItem\",\"position\":2,\"name\":\"VERANSTALTUNGEN\"}]},{\"@type\":\"WebSite\",\"@id\":\"https:\/\/www.rgit-usa.com\/de\/#website\",\"url\":\"https:\/\/www.rgit-usa.com\/de\/\",\"name\":\"Representative of German Industry and Trade (RGIT)\",\"description\":\"\",\"publisher\":{\"@id\":\"https:\/\/www.rgit-usa.com\/de\/#organization\"},\"potentialAction\":[{\"@type\":\"SearchAction\",\"target\":{\"@type\":\"EntryPoint\",\"urlTemplate\":\"https:\/\/www.rgit-usa.com\/de\/?s={search_term_string}\"},\"query-input\":\"required name=search_term_string\"}],\"inLanguage\":\"de\"},{\"@type\":\"Organization\",\"@id\":\"https:\/\/www.rgit-usa.com\/de\/#organization\",\"name\":\"Representative of German Industry and Trade (RGIT)\",\"url\":\"https:\/\/www.rgit-usa.com\/de\/\",\"logo\":{\"@type\":\"ImageObject\",\"inLanguage\":\"de\",\"@id\":\"https:\/\/www.rgit-usa.com\/de\/#\/schema\/logo\/image\/\",\"url\":\"https:\/\/www.rgit-usa.com\/wp-content\/uploads\/2024\/01\/RGIT-head.jpg\",\"contentUrl\":\"https:\/\/www.rgit-usa.com\/wp-content\/uploads\/2024\/01\/RGIT-head.jpg\",\"width\":700,\"height\":100,\"caption\":\"Representative of German Industry and Trade (RGIT)\"},\"image\":{\"@id\":\"https:\/\/www.rgit-usa.com\/de\/#\/schema\/logo\/image\/\"},\"sameAs\":[\"https:\/\/twitter.com\/RGIT_USA\",\"https:\/\/www.linkedin.com\/company\/representative-of-german-industry-and-trade\",\"https:\/\/www.youtube.com\/channel\/UC6W53WieOcFUf_O25YJEIDw\"]}]}<\/script>\n<!-- \/ Yoast SEO plugin. -->","yoast_head_json":{"title":"Upcoming Events | Representative of German Industry and Trade","description":"RGIT is committed to a transatlantic exchange of ideas. Sign up to receive notifications for upcoming events.","robots":{"index":"index","follow":"follow","max-snippet":"max-snippet:-1","max-image-preview":"max-image-preview:large","max-video-preview":"max-video-preview:-1"},"canonical":"https:\/\/www.rgit-usa.com\/de\/veranstaltungen\/","og_locale":"de_DE","og_type":"article","og_title":"Upcoming Events | Representative of German Industry and Trade","og_description":"RGIT is committed to a transatlantic exchange of ideas. Sign up to receive notifications for upcoming events.","og_url":"https:\/\/www.rgit-usa.com\/de\/veranstaltungen\/","og_site_name":"RGIT","article_modified_time":"2024-02-23T17:52:28+00:00","twitter_card":"summary_large_image","twitter_site":"@RGIT_USA","twitter_misc":{"Gesch\u00e4tzte Lesezeit":"1\u00a0Minute"},"schema":{"@context":"https:\/\/schema.org","@graph":[{"@type":"WebPage","@id":"https:\/\/www.rgit-usa.com\/de\/veranstaltungen\/","url":"https:\/\/www.rgit-usa.com\/de\/veranstaltungen\/","name":"Upcoming Events | Representative of German Industry and Trade","isPartOf":{"@id":"https:\/\/www.rgit-usa.com\/de\/#website"},"datePublished":"2024-01-29T20:27:47+00:00","dateModified":"2024-02-23T17:52:28+00:00","description":"RGIT is committed to a transatlantic exchange of ideas. Sign up to receive notifications for upcoming events.","breadcrumb":{"@id":"https:\/\/www.rgit-usa.com\/de\/veranstaltungen\/#breadcrumb"},"inLanguage":"de","potentialAction":[{"@type":"ReadAction","target":["https:\/\/www.rgit-usa.com\/de\/veranstaltungen\/"]}]},{"@type":"BreadcrumbList","@id":"https:\/\/www.rgit-usa.com\/de\/veranstaltungen\/#breadcrumb","itemListElement":[{"@type":"ListItem","position":1,"name":"Home","item":"https:\/\/www.rgit-usa.com\/de\/"},{"@type":"ListItem","position":2,"name":"VERANSTALTUNGEN"}]},{"@type":"WebSite","@id":"https:\/\/www.rgit-usa.com\/de\/#website","url":"https:\/\/www.rgit-usa.com\/de\/","name":"Representative of German Industry and Trade (RGIT)","description":"","publisher":{"@id":"https:\/\/www.rgit-usa.com\/de\/#organization"},"potentialAction":[{"@type":"SearchAction","target":{"@type":"EntryPoint","urlTemplate":"https:\/\/www.rgit-usa.com\/de\/?s={search_term_string}"},"query-input":"required name=search_term_string"}],"inLanguage":"de"},{"@type":"Organization","@id":"https:\/\/www.rgit-usa.com\/de\/#organization","name":"Representative of German Industry and Trade (RGIT)","url":"https:\/\/www.rgit-usa.com\/de\/","logo":{"@type":"ImageObject","inLanguage":"de","@id":"https:\/\/www.rgit-usa.com\/de\/#\/schema\/logo\/image\/","url":"https:\/\/www.rgit-usa.com\/wp-content\/uploads\/2024\/01\/RGIT-head.jpg","contentUrl":"https:\/\/www.rgit-usa.com\/wp-content\/uploads\/2024\/01\/RGIT-head.jpg","width":700,"height":100,"caption":"Representative of German Industry and Trade (RGIT)"},"image":{"@id":"https:\/\/www.rgit-usa.com\/de\/#\/schema\/logo\/image\/"},"sameAs":["https:\/\/twitter.com\/RGIT_USA","https:\/\/www.linkedin.com\/company\/representative-of-german-industry-and-trade","https:\/\/www.youtube.com\/channel\/UC6W53WieOcFUf_O25YJEIDw"]}]}},"_links":{"self":[{"href":"https:\/\/www.rgit-usa.com\/de\/wp-json\/wp\/v2\/pages\/800"}],"collection":[{"href":"https:\/\/www.rgit-usa.com\/de\/wp-json\/wp\/v2\/pages"}],"about":[{"href":"https:\/\/www.rgit-usa.com\/de\/wp-json\/wp\/v2\/types\/page"}],"author":[{"embeddable":true,"href":"https:\/\/www.rgit-usa.com\/de\/wp-json\/wp\/v2\/users\/1"}],"replies":[{"embeddable":true,"href":"https:\/\/www.rgit-usa.com\/de\/wp-json\/wp\/v2\/comments?post=800"}],"version-history":[{"count":5,"href":"https:\/\/www.rgit-usa.com\/de\/wp-json\/wp\/v2\/pages\/800\/revisions"}],"predecessor-version":[{"id":833,"href":"https:\/\/www.rgit-usa.com\/de\/wp-json\/wp\/v2\/pages\/800\/revisions\/833"}],"wp:attachment":[{"href":"https:\/\/www.rgit-usa.com\/de\/wp-json\/wp\/v2\/media?parent=800"}],"curies":[{"name":"wp","href":"https:\/\/api.w.org\/{rel}","templated":true}]}}