{"id":714,"date":"2024-01-25T16:46:38","date_gmt":"2024-01-25T16:46:38","guid":{"rendered":"https:\/\/www.rgit-usa.com\/contact\/"},"modified":"2026-03-25T18:25:57","modified_gmt":"2026-03-25T18:25:57","slug":"kontakt","status":"publish","type":"page","link":"https:\/\/www.rgit-usa.com\/de\/kontakt\/","title":{"rendered":"KONTAKT"},"content":{"rendered":"<div class=\"wpb-content-wrapper\">[vc_row full_width=&#8220;stretch_row_content&#8220; content_placement=&#8220;middle&#8220; disable_element=&#8220;yes&#8220; remove_bottom_col_margin=&#8220;true&#8220; min_height=&#8220;250px&#8220; css=&#8220;.vc_custom_1706398129818{background-image: url(https:\/\/www.rgit-usa.com\/wp-content\/uploads\/2024\/01\/bg-contact-2.jpg?id=407) !important;background-position: center !important;background-repeat: no-repeat !important;background-size: cover !important;}&#8220; wpex_bg_position=&#8220;bottom center&#8220; wpex_bg_overlay=&#8220;dark&#8220; wpex_bg_overlay_opacity=&#8220;45%&#8220;][vc_column][vc_custom_heading text=&#8220;Contact Us&#8220; font_container=&#8220;tag:h1|text_align:center|color:%23ffffff&#8220; google_fonts=&#8220;font_family:Lato%3A100%2C100italic%2C300%2C300italic%2Cregular%2Citalic%2C700%2C700italic%2C900%2C900italic|font_style:400%20regular%3A400%3Anormal&#8220;][\/vc_column][\/vc_row][vc_row full_width=&#8220;stretch_row_content_no_spaces&#8220; remove_bottom_col_margin=&#8220;true&#8220;][vc_column][vc_gmaps link=&#8220;#E-8_JTNDaWZyYW1lJTIwc3JjJTNEJTIyaHR0cHMlM0ElMkYlMkZ3d3cuZ29vZ2xlLmNvbSUyRm1hcHMlMkZlbWJlZCUzRnBiJTNEJTIxMW0xOCUyMTFtMTIlMjExbTMlMjExZDMxMDQuOTI0ODI5NDE5NzQyJTIxMmQtNzcuMDQ2MzQzNjI0ODMxODglMjEzZDM4LjkwMjgzNDI3MTcyMjk1JTIxMm0zJTIxMWYwJTIxMmYwJTIxM2YwJTIxM20yJTIxMWkxMDI0JTIxMmk3NjglMjE0ZjEzLjElMjEzbTMlMjExbTIlMjExczB4ODliN2I3YjllZWU1NWQ2OSUyNTNBMHhjYjkxYmZhNGMyMWE3NjVmJTIxMnMxOTA5JTI1MjBLJTI1MjBTdCUyNTIwTlclMjUyQyUyNTIwV2FzaGluZ3RvbiUyNTJDJTI1MjBEQyUyNTIwMjAwMDYlMjE1ZTAlMjEzbTIlMjExc2VuJTIxMnN1cyUyMTR2MTc3NDQ0NDgxMTg5MCUyMTVtMiUyMTFzZW4lMjEyc3VzJTIyJTIwd2lkdGglM0QlMjI2MDAlMjIlMjBoZWlnaHQlM0QlMjI0NTAlMjIlMjBzdHlsZSUzRCUyMmJvcmRlciUzQTAlM0IlMjIlMjBhbGxvd2Z1bGxzY3JlZW4lM0QlMjIlMjIlMjBsb2FkaW5nJTNEJTIybGF6eSUyMiUyMHJlZmVycmVycG9saWN5JTNEJTIybm8tcmVmZXJyZXItd2hlbi1kb3duZ3JhZGUlMjIlM0UlM0MlMkZpZnJhbWUlM0U=&#8220;][\/vc_column][\/vc_row][vc_row full_width=&#8220;stretch_row&#8220; gap=&#8220;20&#8243; remove_bottom_col_margin=&#8220;true&#8220; css=&#8220;.vc_custom_1706635946815{padding-top: 100px !important;padding-bottom: 100px !important;}&#8220;][vc_column width=&#8220;2\/3&#8243; css=&#8220;.vc_custom_1706555410985{padding-bottom: 50px !important;}&#8220;][vc_column_text text_align=&#8220;left&#8220; css=&#8220;.vc_custom_1731521180866{margin-top: -40px !important;}&#8220;]\n<h1>Kontakt<\/h1>\n<p>Wenn Sie Fragen haben, rufen Sie bitte unser B\u00fcro an oder f\u00fcllen Sie das untenstehende Formular aus. Ein RGIT-Vertreter wird sich schnellstm\u00f6glich mit Ihnen in Verbindung setzen. Oder Sie k\u00f6nnen <a href=\"https:\/\/www.rgit-usa.com\/de\/uber-uns\/\">hier klicken<\/a>, um direkt ein RGIT-Teammitglied zu kontaktieren.[\/vc_column_text]<div class=\"wpforms-container wpforms-container-full wpforms-render-modern\" id=\"wpforms-839\"><form id=\"wpforms-form-839\" class=\"wpforms-validate wpforms-form wpforms-ajax-form\" data-formid=\"839\" method=\"post\" enctype=\"multipart\/form-data\" action=\"\/de\/wp-json\/wp\/v2\/pages\/714\" data-token=\"af1de369ec79caa8799ae467e1681133\" data-token-time=\"1776405102\"><noscript class=\"wpforms-error-noscript\">Bitte aktiviere JavaScript in deinem Browser, um dieses Formular fertigzustellen.<\/noscript><div class=\"wpforms-hidden\" id=\"wpforms-error-noscript\">Bitte aktiviere JavaScript in deinem Browser, um dieses Formular fertigzustellen.<\/div><div class=\"wpforms-field-container\"><div id=\"wpforms-839-field_0-container\" class=\"wpforms-field wpforms-field-name\" data-field-id=\"0\"><fieldset><legend class=\"wpforms-field-label\">Name <span class=\"wpforms-required-label\" aria-hidden=\"true\">*<\/span><\/legend><div class=\"wpforms-field-row wpforms-field-medium\"><div class=\"wpforms-field-row-block wpforms-first wpforms-one-half\"><input type=\"text\" id=\"wpforms-839-field_0\" class=\"wpforms-field-name-first wpforms-field-required\" name=\"wpforms[fields][0][first]\" aria-errormessage=\"wpforms-839-field_0-error\" required><label for=\"wpforms-839-field_0\" class=\"wpforms-field-sublabel after\">Vorname<\/label><\/div><div class=\"wpforms-field-row-block wpforms-one-half\"><input type=\"text\" id=\"wpforms-839-field_0-last\" class=\"wpforms-field-name-last wpforms-field-required\" name=\"wpforms[fields][0][last]\" aria-errormessage=\"wpforms-839-field_0-last-error\" required><label for=\"wpforms-839-field_0-last\" class=\"wpforms-field-sublabel after\">Nachname<\/label><\/div><\/div><\/fieldset><\/div><div id=\"wpforms-839-field_1-container\" class=\"wpforms-field wpforms-field-email\" data-field-id=\"1\"><label class=\"wpforms-field-label\" for=\"wpforms-839-field_1\">Email <span class=\"wpforms-required-label\" aria-hidden=\"true\">*<\/span><\/label><input type=\"email\" id=\"wpforms-839-field_1\" class=\"wpforms-field-medium wpforms-field-required\" name=\"wpforms[fields][1]\" spellcheck=\"false\" aria-errormessage=\"wpforms-839-field_1-error\" required><\/div><div id=\"wpforms-839-field_3-container\" class=\"wpforms-field wpforms-field-text\" data-field-id=\"3\"><label class=\"wpforms-field-label\" for=\"wpforms-839-field_3\">Organisation <span class=\"wpforms-required-label\" aria-hidden=\"true\">*<\/span><\/label><input type=\"text\" id=\"wpforms-839-field_3\" class=\"wpforms-field-medium wpforms-field-required\" name=\"wpforms[fields][3]\" aria-errormessage=\"wpforms-839-field_3-error\" required><\/div><div id=\"wpforms-839-field_4-container\" class=\"wpforms-field wpforms-field-text\" data-field-id=\"4\"><label class=\"wpforms-field-label\" for=\"wpforms-839-field_4\">Telefonnummer <span class=\"wpforms-required-label\" aria-hidden=\"true\">*<\/span><\/label><input type=\"text\" id=\"wpforms-839-field_4\" class=\"wpforms-field-medium wpforms-field-required\" name=\"wpforms[fields][4]\" aria-errormessage=\"wpforms-839-field_4-error\" required><\/div><div id=\"wpforms-839-field_2-container\" class=\"wpforms-field wpforms-field-textarea\" data-field-id=\"2\"><label class=\"wpforms-field-label\" for=\"wpforms-839-field_2\">Frage oder Kommentar  <span class=\"wpforms-required-label\" aria-hidden=\"true\">*<\/span><\/label><textarea id=\"wpforms-839-field_2\" class=\"wpforms-field-medium wpforms-field-required\" name=\"wpforms[fields][2]\" aria-errormessage=\"wpforms-839-field_2-error\" required><\/textarea><\/div><\/div><!-- .wpforms-field-container --><div class=\"wpforms-recaptcha-container wpforms-is-recaptcha wpforms-is-recaptcha-type-v3\" ><input type=\"hidden\" name=\"wpforms[recaptcha]\" value=\"\"><\/div><div class=\"wpforms-submit-container\" ><input type=\"hidden\" name=\"wpforms[id]\" value=\"839\"><input type=\"hidden\" name=\"page_title\" value=\"\"><input type=\"hidden\" name=\"page_url\" value=\"https:\/\/www.rgit-usa.com\/de\/wp-json\/wp\/v2\/pages\/714\"><button type=\"submit\" name=\"wpforms[submit]\" id=\"wpforms-submit-839\" class=\"wpforms-submit\" data-alt-text=\"Sending...\" data-submit-text=\"Senden\" aria-live=\"assertive\" value=\"wpforms-submit\">Senden<\/button><img src=\"https:\/\/www.rgit-usa.com\/wp-content\/plugins\/wpforms-lite\/assets\/images\/submit-spin.svg\" class=\"wpforms-submit-spinner\" style=\"display: none;\" width=\"26\" height=\"26\" alt=\"Wird geladen\"><\/div><\/form><\/div>  <!-- .wpforms-container -->[\/vc_column][vc_column width=&#8220;1\/3&#8243;][vc_custom_heading text=&#8220;KONTAKTINFORMATIONEN&#8220; font_container=&#8220;tag:h3|text_align:left&#8220; google_fonts=&#8220;font_family:PT%20Sans%3Aregular%2Citalic%2C700%2C700italic|font_style:700%20bold%20regular%3A700%3Anormal&#8220;]<div class=\"vcex-module vcex-icon-box vcex-icon-box-one wpex-flex wpex-text-left vc_custom_1774463131289\"><div class=\"vcex-icon-box-symbol wpex-flex-shrink-0 wpex-mr-20\"><div class=\"vcex-icon-box-icon wpex-inline-flex wpex-items-center wpex-justify-center wpex-child-inherit-color wpex-text-center wpex-leading-none wpex-text-1\" style=\"color:#1d365e;font-size:var(--vcex-icon-sm);\"><span aria-hidden=\"true\" class=\"fas fa-map-marker-alt\"><\/span><\/div><\/div><div class=\"vcex-icon-box-text wpex-flex-grow\"><div class=\"vcex-icon-box-content wpex-last-mb-0 wpex-clr\" style=\"font-size:14px;\"><p>1909 K Street NW<br \/>\nSuite 750<br \/>\nWashington, D.C. 20006<\/p>\n<\/div><\/div><\/div><a class=\"vcex-module vcex-icon-box vcex-icon-box-one vcex-icon-box-has-link wpex-inherit-color wpex-no-underline wpex-flex wpex-text-left vc_custom_1774463154846\" href=\"tel:+1%20(202)%20659-4777\"><div class=\"vcex-icon-box-symbol wpex-flex-shrink-0 wpex-mr-20\"><div class=\"vcex-icon-box-icon wpex-inline-flex wpex-items-center wpex-justify-center wpex-child-inherit-color wpex-text-center wpex-leading-none wpex-text-1\" style=\"color:#1d365e;font-size:var(--vcex-icon-sm);\"><span aria-hidden=\"true\" class=\"fas fa-mobile-alt\"><\/span><\/div><\/div><div class=\"vcex-icon-box-text wpex-flex-grow\"><div class=\"vcex-icon-box-content wpex-last-mb-0 wpex-clr\" style=\"font-size:14px;\"><p>+1 (202) 378 8288<\/p>\n<\/div><\/div><\/a><a class=\"vcex-module vcex-icon-box vcex-icon-box-one vcex-icon-box-has-link wpex-inherit-color wpex-no-underline wpex-flex wpex-text-left vc_custom_1706566720269\" href=\"https:\/\/www.rgit-usa.com\/de\/\"><div class=\"vcex-icon-box-symbol wpex-flex-shrink-0 wpex-mr-20\"><div class=\"vcex-icon-box-icon wpex-inline-flex wpex-items-center wpex-justify-center wpex-child-inherit-color wpex-text-center wpex-leading-none wpex-text-1\" style=\"color:#1d365e;font-size:var(--vcex-icon-sm);\"><span aria-hidden=\"true\" class=\"fas fa-globe\"><\/span><\/div><\/div><div class=\"vcex-icon-box-text wpex-flex-grow\"><div class=\"vcex-icon-box-content wpex-last-mb-0 wpex-clr\" style=\"font-size:14px;\"><p>rgit-usa.com<\/p>\n<\/div><\/div><\/a><div class=\"vcex-module vcex-icon-box vcex-icon-box-one wpex-flex wpex-text-left vc_custom_1708715681394\"><div class=\"vcex-icon-box-symbol wpex-flex-shrink-0 wpex-mr-20\"><div class=\"vcex-icon-box-icon wpex-inline-flex wpex-items-center wpex-justify-center wpex-child-inherit-color wpex-text-center wpex-leading-none wpex-text-1\" style=\"color:#1d365e;font-size:var(--vcex-icon-sm);\"><span aria-hidden=\"true\" class=\"fas fa-envelope\"><\/span><\/div><\/div><div class=\"vcex-icon-box-text wpex-flex-grow\"><div class=\"vcex-icon-box-content wpex-last-mb-0 wpex-clr\" style=\"font-size:14px;\"><p>info (at) rgit-usa.com<\/p>\n<\/div><\/div><\/div>[vc_custom_heading text=&#8220;\u00d6FFNUNGSZEITEN&#8220; font_container=&#8220;tag:h3|text_align:left&#8220; google_fonts=&#8220;font_family:PT%20Sans%3Aregular%2Citalic%2C700%2C700italic|font_style:700%20bold%20regular%3A700%3Anormal&#8220; css=&#8220;.vc_custom_1707950462576{padding-top: 35px !important;}&#8220;][vc_column_text font_size=&#8220;14px&#8220; css=&#8220;.vc_custom_1708711118910{padding-top: 15px !important;}&#8220;]Monday &#8211; Friday: 9AM-5PM<br \/>\nSaturday: CLOSED<br \/>\nSunday: CLOSED<\/p>\n<p>An wichtigen US-Bundesfeiertagen und einigen deutschen Feiertagen bleibt unser B\u00fcro geschlossen.[\/vc_column_text][vc_custom_heading text=&#8220;SOZIALE MEDIEN&#8220; font_container=&#8220;tag:h3|text_align:left&#8220; google_fonts=&#8220;font_family:PT%20Sans%3Aregular%2Citalic%2C700%2C700italic|font_style:700%20bold%20regular%3A700%3Anormal&#8220; css=&#8220;.vc_custom_1708711157273{padding-top: 35px !important;padding-bottom: 15px !important;}&#8220;]<div class=\"vcex-social-links vcex-module wpex-flex wpex-items-center wpex-flex-wrap wpex-social-btns vcex-social-btns wpex-gap-5 wpex-last-mr-0\"><a  href=\"https:\/\/www.linkedin.com\/company\/representative-of-german-industry-and-trade\" class=\"vcex-social-links__item wpex-social-btn wpex-social-btn-no-style wpex-linkedin\" target=\"_blank\" title=\"LinkedIn\" rel=\"noopener noreferrer\"><span class=\"vcex-social-links__icon ticon ticon-linkedin\" aria-hidden=\"true\"><\/span><span class=\"screen-reader-text\">LinkedIn<\/span><\/a><a  href=\"https:\/\/www.youtube.com\/channel\/UC6W53WieOcFUf_O25YJEIDw\" class=\"vcex-social-links__item wpex-social-btn wpex-social-btn-no-style wpex-youtube\" target=\"_blank\" title=\"YouTube\" rel=\"noopener noreferrer\"><span class=\"vcex-social-links__icon ticon ticon-youtube-play\" aria-hidden=\"true\"><\/span><span class=\"screen-reader-text\">YouTube<\/span><\/a><\/div>[\/vc_column][\/vc_row]\n<\/div>","protected":false},"excerpt":{"rendered":"<p>[vc_row full_width=&#8220;stretch_row_content&#8220; content_placement=&#8220;middle&#8220; disable_element=&#8220;yes&#8220; remove_bottom_col_margin=&#8220;true&#8220; min_height=&#8220;250px&#8220; css=&#8220;.vc_custom_1706398129818{background-image: url(https:\/\/www.rgit-usa.com\/wp-content\/uploads\/2024\/01\/bg-contact-2.jpg?id=407) !important;background-position: center !important;background-repeat: no-repeat !important;background-size: cover !important;}&#8220; wpex_bg_position=&#8220;bottom center&#8220; wpex_bg_overlay=&#8220;dark&#8220; wpex_bg_overlay_opacity=&#8220;45%&#8220;][vc_column][vc_custom_heading text=&#8220;Contact Us&#8220; font_container=&#8220;tag:h1|text_align:center|color:%23ffffff&#8220; google_fonts=&#8220;font_family:Lato%3A100%2C100italic%2C300%2C300italic%2Cregular%2Citalic%2C700%2C700italic%2C900%2C900italic|font_style:400%20regular%3A400%3Anormal&#8220;][\/vc_column][\/vc_row][vc_row full_width=&#8220;stretch_row_content_no_spaces&#8220; remove_bottom_col_margin=&#8220;true&#8220;][vc_column][vc_gmaps link=&#8220;#E-8_JTNDaWZyYW1lJTIwc3JjJTNEJTIyaHR0cHMlM0ElMkYlMkZ3d3cuZ29vZ2xlLmNvbSUyRm1hcHMlMkZlbWJlZCUzRnBiJTNEJTIxMW0xOCUyMTFtMTIlMjExbTMlMjExZDMxMDQuOTI0ODI5NDE5NzQyJTIxMmQtNzcuMDQ2MzQzNjI0ODMxODglMjEzZDM4LjkwMjgzNDI3MTcyMjk1JTIxMm0zJTIxMWYwJTIxMmYwJTIxM2YwJTIxM20yJTIxMWkxMDI0JTIxMmk3NjglMjE0ZjEzLjElMjEzbTMlMjExbTIlMjExczB4ODliN2I3YjllZWU1NWQ2OSUyNTNBMHhjYjkxYmZhNGMyMWE3NjVmJTIxMnMxOTA5JTI1MjBLJTI1MjBTdCUyNTIwTlclMjUyQyUyNTIwV2FzaGluZ3RvbiUyNTJDJTI1MjBEQyUyNTIwMjAwMDYlMjE1ZTAlMjEzbTIlMjExc2VuJTIxMnN1cyUyMTR2MTc3NDQ0NDgxMTg5MCUyMTVtMiUyMTFzZW4lMjEyc3VzJTIyJTIwd2lkdGglM0QlMjI2MDAlMjIlMjBoZWlnaHQlM0QlMjI0NTAlMjIlMjBzdHlsZSUzRCUyMmJvcmRlciUzQTAlM0IlMjIlMjBhbGxvd2Z1bGxzY3JlZW4lM0QlMjIlMjIlMjBsb2FkaW5nJTNEJTIybGF6eSUyMiUyMHJlZmVycmVycG9saWN5JTNEJTIybm8tcmVmZXJyZXItd2hlbi1kb3duZ3JhZGUlMjIlM0UlM0MlMkZpZnJhbWUlM0U=&#8220;][\/vc_column][\/vc_row][vc_row full_width=&#8220;stretch_row&#8220; gap=&#8220;20&#8243; remove_bottom_col_margin=&#8220;true&#8220; css=&#8220;.vc_custom_1706635946815{padding-top: 100px !important;padding-bottom: 100px !important;}&#8220;][vc_column width=&#8220;2\/3&#8243; css=&#8220;.vc_custom_1706555410985{padding-bottom: 50px !important;}&#8220;][vc_column_text text_align=&#8220;left&#8220; css=&#8220;.vc_custom_1731521180866{margin-top: -40px !important;}&#8220;] Kontakt Wenn Sie Fragen haben, rufen Sie bitte unser B\u00fcro an oder f\u00fcllen&hellip;<\/p>\n","protected":false},"author":1,"featured_media":0,"parent":0,"menu_order":0,"comment_status":"closed","ping_status":"closed","template":"","meta":{"footnotes":""},"yoast_head":"<!-- This site is optimized with the Yoast SEO plugin v22.1 - https:\/\/yoast.com\/wordpress\/plugins\/seo\/ -->\n<title>Kontakt | Representative of German Industry and Trade<\/title>\n<meta name=\"description\" content=\"RGIT informiert regelm\u00e4\u00dfig \u00fcber wirtschaftspolitische Entwicklungen und bietet Austauschformate an.\" \/>\n<meta name=\"robots\" content=\"index, follow, max-snippet:-1, max-image-preview:large, max-video-preview:-1\" \/>\n<link rel=\"canonical\" href=\"https:\/\/www.rgit-usa.com\/de\/kontakt\/\" \/>\n<meta property=\"og:locale\" content=\"de_DE\" \/>\n<meta property=\"og:type\" content=\"article\" \/>\n<meta property=\"og:title\" content=\"Kontakt | Representative of German Industry and Trade\" \/>\n<meta property=\"og:description\" content=\"RGIT informiert regelm\u00e4\u00dfig \u00fcber wirtschaftspolitische Entwicklungen und bietet Austauschformate an.\" \/>\n<meta property=\"og:url\" content=\"https:\/\/www.rgit-usa.com\/de\/kontakt\/\" \/>\n<meta property=\"og:site_name\" content=\"RGIT\" \/>\n<meta property=\"article:modified_time\" content=\"2026-03-25T18:25:57+00:00\" \/>\n<meta name=\"twitter:card\" content=\"summary_large_image\" \/>\n<meta name=\"twitter:site\" content=\"@RGIT_USA\" \/>\n<meta name=\"twitter:label1\" content=\"Gesch\u00e4tzte Lesezeit\" \/>\n\t<meta name=\"twitter:data1\" content=\"1\u00a0Minute\" \/>\n<script type=\"application\/ld+json\" class=\"yoast-schema-graph\">{\"@context\":\"https:\/\/schema.org\",\"@graph\":[{\"@type\":\"WebPage\",\"@id\":\"https:\/\/www.rgit-usa.com\/de\/kontakt\/\",\"url\":\"https:\/\/www.rgit-usa.com\/de\/kontakt\/\",\"name\":\"Kontakt | Representative of German Industry and Trade\",\"isPartOf\":{\"@id\":\"https:\/\/www.rgit-usa.com\/de\/#website\"},\"datePublished\":\"2024-01-25T16:46:38+00:00\",\"dateModified\":\"2026-03-25T18:25:57+00:00\",\"description\":\"RGIT informiert regelm\u00e4\u00dfig \u00fcber wirtschaftspolitische Entwicklungen und bietet Austauschformate an.\",\"breadcrumb\":{\"@id\":\"https:\/\/www.rgit-usa.com\/de\/kontakt\/#breadcrumb\"},\"inLanguage\":\"de\",\"potentialAction\":[{\"@type\":\"ReadAction\",\"target\":[\"https:\/\/www.rgit-usa.com\/de\/kontakt\/\"]}]},{\"@type\":\"BreadcrumbList\",\"@id\":\"https:\/\/www.rgit-usa.com\/de\/kontakt\/#breadcrumb\",\"itemListElement\":[{\"@type\":\"ListItem\",\"position\":1,\"name\":\"Home\",\"item\":\"https:\/\/www.rgit-usa.com\/de\/\"},{\"@type\":\"ListItem\",\"position\":2,\"name\":\"KONTAKT\"}]},{\"@type\":\"WebSite\",\"@id\":\"https:\/\/www.rgit-usa.com\/de\/#website\",\"url\":\"https:\/\/www.rgit-usa.com\/de\/\",\"name\":\"Representative of German Industry and Trade (RGIT)\",\"description\":\"\",\"publisher\":{\"@id\":\"https:\/\/www.rgit-usa.com\/de\/#organization\"},\"potentialAction\":[{\"@type\":\"SearchAction\",\"target\":{\"@type\":\"EntryPoint\",\"urlTemplate\":\"https:\/\/www.rgit-usa.com\/de\/?s={search_term_string}\"},\"query-input\":\"required name=search_term_string\"}],\"inLanguage\":\"de\"},{\"@type\":\"Organization\",\"@id\":\"https:\/\/www.rgit-usa.com\/de\/#organization\",\"name\":\"Representative of German Industry and Trade (RGIT)\",\"url\":\"https:\/\/www.rgit-usa.com\/de\/\",\"logo\":{\"@type\":\"ImageObject\",\"inLanguage\":\"de\",\"@id\":\"https:\/\/www.rgit-usa.com\/de\/#\/schema\/logo\/image\/\",\"url\":\"https:\/\/www.rgit-usa.com\/wp-content\/uploads\/2024\/01\/RGIT-head.jpg\",\"contentUrl\":\"https:\/\/www.rgit-usa.com\/wp-content\/uploads\/2024\/01\/RGIT-head.jpg\",\"width\":700,\"height\":100,\"caption\":\"Representative of German Industry and Trade (RGIT)\"},\"image\":{\"@id\":\"https:\/\/www.rgit-usa.com\/de\/#\/schema\/logo\/image\/\"},\"sameAs\":[\"https:\/\/twitter.com\/RGIT_USA\",\"https:\/\/www.linkedin.com\/company\/representative-of-german-industry-and-trade\",\"https:\/\/www.youtube.com\/channel\/UC6W53WieOcFUf_O25YJEIDw\"]}]}<\/script>\n<!-- \/ Yoast SEO plugin. -->","yoast_head_json":{"title":"Kontakt | Representative of German Industry and Trade","description":"RGIT informiert regelm\u00e4\u00dfig \u00fcber wirtschaftspolitische Entwicklungen und bietet Austauschformate an.","robots":{"index":"index","follow":"follow","max-snippet":"max-snippet:-1","max-image-preview":"max-image-preview:large","max-video-preview":"max-video-preview:-1"},"canonical":"https:\/\/www.rgit-usa.com\/de\/kontakt\/","og_locale":"de_DE","og_type":"article","og_title":"Kontakt | Representative of German Industry and Trade","og_description":"RGIT informiert regelm\u00e4\u00dfig \u00fcber wirtschaftspolitische Entwicklungen und bietet Austauschformate an.","og_url":"https:\/\/www.rgit-usa.com\/de\/kontakt\/","og_site_name":"RGIT","article_modified_time":"2026-03-25T18:25:57+00:00","twitter_card":"summary_large_image","twitter_site":"@RGIT_USA","twitter_misc":{"Gesch\u00e4tzte Lesezeit":"1\u00a0Minute"},"schema":{"@context":"https:\/\/schema.org","@graph":[{"@type":"WebPage","@id":"https:\/\/www.rgit-usa.com\/de\/kontakt\/","url":"https:\/\/www.rgit-usa.com\/de\/kontakt\/","name":"Kontakt | Representative of German Industry and Trade","isPartOf":{"@id":"https:\/\/www.rgit-usa.com\/de\/#website"},"datePublished":"2024-01-25T16:46:38+00:00","dateModified":"2026-03-25T18:25:57+00:00","description":"RGIT informiert regelm\u00e4\u00dfig \u00fcber wirtschaftspolitische Entwicklungen und bietet Austauschformate an.","breadcrumb":{"@id":"https:\/\/www.rgit-usa.com\/de\/kontakt\/#breadcrumb"},"inLanguage":"de","potentialAction":[{"@type":"ReadAction","target":["https:\/\/www.rgit-usa.com\/de\/kontakt\/"]}]},{"@type":"BreadcrumbList","@id":"https:\/\/www.rgit-usa.com\/de\/kontakt\/#breadcrumb","itemListElement":[{"@type":"ListItem","position":1,"name":"Home","item":"https:\/\/www.rgit-usa.com\/de\/"},{"@type":"ListItem","position":2,"name":"KONTAKT"}]},{"@type":"WebSite","@id":"https:\/\/www.rgit-usa.com\/de\/#website","url":"https:\/\/www.rgit-usa.com\/de\/","name":"Representative of German Industry and Trade (RGIT)","description":"","publisher":{"@id":"https:\/\/www.rgit-usa.com\/de\/#organization"},"potentialAction":[{"@type":"SearchAction","target":{"@type":"EntryPoint","urlTemplate":"https:\/\/www.rgit-usa.com\/de\/?s={search_term_string}"},"query-input":"required name=search_term_string"}],"inLanguage":"de"},{"@type":"Organization","@id":"https:\/\/www.rgit-usa.com\/de\/#organization","name":"Representative of German Industry and Trade (RGIT)","url":"https:\/\/www.rgit-usa.com\/de\/","logo":{"@type":"ImageObject","inLanguage":"de","@id":"https:\/\/www.rgit-usa.com\/de\/#\/schema\/logo\/image\/","url":"https:\/\/www.rgit-usa.com\/wp-content\/uploads\/2024\/01\/RGIT-head.jpg","contentUrl":"https:\/\/www.rgit-usa.com\/wp-content\/uploads\/2024\/01\/RGIT-head.jpg","width":700,"height":100,"caption":"Representative of German Industry and Trade (RGIT)"},"image":{"@id":"https:\/\/www.rgit-usa.com\/de\/#\/schema\/logo\/image\/"},"sameAs":["https:\/\/twitter.com\/RGIT_USA","https:\/\/www.linkedin.com\/company\/representative-of-german-industry-and-trade","https:\/\/www.youtube.com\/channel\/UC6W53WieOcFUf_O25YJEIDw"]}]}},"_links":{"self":[{"href":"https:\/\/www.rgit-usa.com\/de\/wp-json\/wp\/v2\/pages\/714"}],"collection":[{"href":"https:\/\/www.rgit-usa.com\/de\/wp-json\/wp\/v2\/pages"}],"about":[{"href":"https:\/\/www.rgit-usa.com\/de\/wp-json\/wp\/v2\/types\/page"}],"author":[{"embeddable":true,"href":"https:\/\/www.rgit-usa.com\/de\/wp-json\/wp\/v2\/users\/1"}],"replies":[{"embeddable":true,"href":"https:\/\/www.rgit-usa.com\/de\/wp-json\/wp\/v2\/comments?post=714"}],"version-history":[{"count":19,"href":"https:\/\/www.rgit-usa.com\/de\/wp-json\/wp\/v2\/pages\/714\/revisions"}],"predecessor-version":[{"id":1914,"href":"https:\/\/www.rgit-usa.com\/de\/wp-json\/wp\/v2\/pages\/714\/revisions\/1914"}],"wp:attachment":[{"href":"https:\/\/www.rgit-usa.com\/de\/wp-json\/wp\/v2\/media?parent=714"}],"curies":[{"name":"wp","href":"https:\/\/api.w.org\/{rel}","templated":true}]}}