{"id":704,"date":"2024-01-26T22:11:27","date_gmt":"2024-01-26T22:11:27","guid":{"rendered":"https:\/\/www.rgit-usa.com\/policy-areas\/energy\/"},"modified":"2024-03-13T15:18:16","modified_gmt":"2024-03-13T15:18:16","slug":"energie","status":"publish","type":"page","link":"https:\/\/www.rgit-usa.com\/de\/themen\/energie\/","title":{"rendered":"Energie"},"content":{"rendered":"<div class=\"wpb-content-wrapper\">[vc_row full_width=&#8220;stretch_row_content&#8220; content_placement=&#8220;middle&#8220; remove_bottom_col_margin=&#8220;true&#8220; min_height=&#8220;250px&#8220; css=&#8220;.vc_custom_1706306981451{background-image: url(https:\/\/www.rgit-usa.com\/wp-content\/uploads\/2024\/01\/bg-energy-1.jpg?id=440) !important;background-position: center !important;background-repeat: no-repeat !important;background-size: cover !important;}&#8220; wpex_bg_position=&#8220;bottom center&#8220; wpex_bg_overlay=&#8220;dark&#8220; wpex_bg_overlay_opacity=&#8220;45%&#8220;][vc_column][vc_custom_heading text=&#8220;Energie&#8220; font_container=&#8220;tag:h1|text_align:center|color:%23ffffff&#8220; google_fonts=&#8220;font_family:Lato%3A100%2C100italic%2C300%2C300italic%2Cregular%2Citalic%2C700%2C700italic%2C900%2C900italic|font_style:400%20regular%3A400%3Anormal&#8220;][\/vc_column][\/vc_row][vc_row full_width=&#8220;stretch_row&#8220; remove_bottom_col_margin=&#8220;true&#8220; css=&#8220;.vc_custom_1706303317025{padding-top: 50px !important;}&#8220;][vc_column][vc_custom_heading text=&#8220;Die vielf\u00e4ltige und wettbewerbsorientierte Energielandschaft der USA bietet Chancen f\u00fcr Unternehmen in verschiedenen Sektoren.&#8220; font_container=&#8220;tag:h2|font_size:35px|text_align:center|color:%231d365e&#8220; google_fonts=&#8220;font_family:PT%20Sans%3Aregular%2Citalic%2C700%2C700italic|font_style:700%20bold%20regular%3A700%3Anormal&#8220; css=&#8220;.vc_custom_1707949658587{padding-top: 30px !important;}&#8220;][\/vc_column][\/vc_row][vc_row full_width=&#8220;stretch_row&#8220; remove_bottom_col_margin=&#8220;true&#8220; css=&#8220;.vc_custom_1704493764040{padding-top: 50px !important;padding-bottom: 100px !important;}&#8220;][vc_column width=&#8220;3\/4&#8243;][vc_column_text text_align=&#8220;left&#8220; css=&#8220;.vc_custom_1710343094727{padding-bottom: 50px !important;}&#8220;]Die Vereinigten Staaten sind weltweit f\u00fchrend bei der Produktion, dem Verbrauch und dem Export von Energie. Die vielf\u00e4ltige und wettbewerbsf\u00e4hige Energielandschaft der USA ver\u00e4ndert sich schnell. Die Deckung des wachsenden Energiebedarfs im In- und Ausland bei gleichzeitiger Reduzierung der Emissionen ist ein wichtiges Ziel der Energiepolitik. Dies erfordert Innovation und ein berechenbares Umfeld f\u00fcr Investitionen und Handel mit neuen Technologien. Der Energiesektor ist die treibende Kraft hinter dem neuen Boom der verarbeitenden Industrie in den USA, der wachsenden Industrie f\u00fcr saubere Technologien, erneuerbare Energien und Kernenergie. Die Renaissance der Industriepolitik ist eng mit dem Energiesektor verflochten. Durch den Einsatz von Technologien wie Horizontalbohrungen und Hydraulic Fracturing sind die USA auch zum weltweit gr\u00f6\u00dften Erd\u00f6l- und Erdgasproduzenten geworden.<\/p>\n<p>All diese Entwicklungen bieten reichlich Gelegenheit f\u00fcr einen transatlantischen Marktplatz, auf dem deutsche und amerikanische Unternehmen zusammenarbeiten, um den Energiebedarf und die Klimaziele der Zukunft zu sichern. Zu den Schl\u00fcsselsektoren geh\u00f6ren erneuerbare und traditionelle Energien, Energieinfrastruktur, saubere Technologien, energieintensive Industrie und Energieeffizienz, neben vielen anderen.<\/p>\n<p>Unternehmen, die den US-Markt bedienen, sind gut beraten, sich \u00fcber die Energie-, Klima- und Umweltpolitik zu informieren. RGIT informiert \u00fcber die politischen Entwicklungen in Washington und bietet Einblicke in die Gesch\u00e4ftsm\u00f6glichkeiten im ganzen Land. Dar\u00fcber hinaus unterst\u00fctzt RGIT die transatlantische Zusammenarbeit, um den USA und Europa zu helfen, den Energiebedarf der Zukunft zu decken.[\/vc_column_text][\/vc_column][vc_column width=&#8220;1\/4&#8243;]<style>.vcex-heading.vcex_69e1cac50b06d{color:#1d365e;font-size:20px;font-family:'PT Sans',sans-serif;font-weight:600;}.vcex-heading.vcex_69e1cac50b06d .vcex-heading-side-border{border-color:#f1f2f6;}<\/style><div class=\"vcex-heading vcex-heading-side-border vcex-module wpex-heading wpex-text-2xl wpex-flex wpex-items-center vc_custom_1707949841396 vcex_69e1cac50b06d\"><span class=\"vcex-heading-inner wpex-inline-block\">Kontakt<\/span><span class=\"vcex-heading-side-border wpex-flex-grow wpex-h-0 wpex-border-solid wpex-ml-15 wpex-border-b\"><\/span><\/div>[vc_single_image image=&#8220;347&#8243; img_caption=&#8220;Patrick McCown, Policy Manager&#8220;]<style>.vcex-social-links.vcex_69e1cac50fdec .vcex-social-links__item{color:#0a66c2;}<\/style><div class=\"vcex-social-links vcex-module wpex-flex wpex-items-center wpex-flex-wrap wpex-social-btns vcex-social-btns wpex-gap-5 wpex-last-mr-0 vcex_69e1cac50fdec\"><a  href=\"https:\/\/www.linkedin.com\/in\/patrick-mccown\/\" class=\"vcex-social-links__item wpex-social-btn wpex-social-btn-no-style wpex-has-custom-color vc_custom_1709157917343 wpex-linkedin\" target=\"_blank\" title=\"LinkedIn\" rel=\"noopener noreferrer\"><span class=\"vcex-social-links__icon ticon ticon-linkedin\" aria-hidden=\"true\"><\/span><span class=\"screen-reader-text\">LinkedIn<\/span><\/a><a  href=\"tel:+1-202-931-8974\" class=\"vcex-social-links__item wpex-social-btn wpex-social-btn-no-style wpex-has-custom-color vc_custom_1709157917343 wpex-phone\" target=\"_blank\" title=\"Telefon\" rel=\"noopener noreferrer\"><span class=\"vcex-social-links__icon ticon ticon-phone\" aria-hidden=\"true\"><\/span><span class=\"screen-reader-text\">Telefon<\/span><\/a><a  href=\"&#x6d;&#x61;&#x69;&#x6c;&#x74;&#x6f;&#x3a;&#x70;&#x6d;&#x63;&#x63;&#x6f;&#x77;&#x6e;&#64;&#114;&#103;&#105;&#116;&#45;&#117;&#115;&#97;&#46;&#99;om\" class=\"vcex-social-links__item wpex-social-btn wpex-social-btn-no-style wpex-has-custom-color vc_custom_1709157917343 wpex-email\" target=\"_blank\" title=\"E-Mail\" rel=\"noopener noreferrer\"><span class=\"vcex-social-links__icon ticon ticon-envelope\" aria-hidden=\"true\"><\/span><span class=\"screen-reader-text\">E-Mail<\/span><\/a><\/div>[\/vc_column][\/vc_row]\n<\/div>","protected":false},"excerpt":{"rendered":"<p>[vc_row full_width=&#8220;stretch_row_content&#8220; content_placement=&#8220;middle&#8220; remove_bottom_col_margin=&#8220;true&#8220; min_height=&#8220;250px&#8220; css=&#8220;.vc_custom_1706306981451{background-image: url(https:\/\/www.rgit-usa.com\/wp-content\/uploads\/2024\/01\/bg-energy-1.jpg?id=440) !important;background-position: center !important;background-repeat: no-repeat !important;background-size: cover !important;}&#8220; wpex_bg_position=&#8220;bottom center&#8220; wpex_bg_overlay=&#8220;dark&#8220; wpex_bg_overlay_opacity=&#8220;45%&#8220;][vc_column][vc_custom_heading text=&#8220;Energie&#8220; font_container=&#8220;tag:h1|text_align:center|color:%23ffffff&#8220; google_fonts=&#8220;font_family:Lato%3A100%2C100italic%2C300%2C300italic%2Cregular%2Citalic%2C700%2C700italic%2C900%2C900italic|font_style:400%20regular%3A400%3Anormal&#8220;][\/vc_column][\/vc_row][vc_row full_width=&#8220;stretch_row&#8220; remove_bottom_col_margin=&#8220;true&#8220; css=&#8220;.vc_custom_1706303317025{padding-top: 50px !important;}&#8220;][vc_column][vc_custom_heading text=&#8220;Die vielf\u00e4ltige und wettbewerbsorientierte Energielandschaft der USA bietet Chancen f\u00fcr Unternehmen in verschiedenen Sektoren.&#8220; font_container=&#8220;tag:h2|font_size:35px|text_align:center|color:%231d365e&#8220; google_fonts=&#8220;font_family:PT%20Sans%3Aregular%2Citalic%2C700%2C700italic|font_style:700%20bold%20regular%3A700%3Anormal&#8220; css=&#8220;.vc_custom_1707949658587{padding-top: 30px !important;}&#8220;][\/vc_column][\/vc_row][vc_row full_width=&#8220;stretch_row&#8220; remove_bottom_col_margin=&#8220;true&#8220; css=&#8220;.vc_custom_1704493764040{padding-top: 50px !important;padding-bottom: 100px !important;}&#8220;][vc_column width=&#8220;3\/4&#8243;][vc_column_text text_align=&#8220;left&#8220; css=&#8220;.vc_custom_1710343094727{padding-bottom:&hellip;<\/p>\n","protected":false},"author":1,"featured_media":0,"parent":685,"menu_order":0,"comment_status":"closed","ping_status":"closed","template":"","meta":{"footnotes":""},"yoast_head":"<!-- This site is optimized with the Yoast SEO plugin v22.1 - https:\/\/yoast.com\/wordpress\/plugins\/seo\/ -->\n<title>Energy, Policy | Representative of German Industry and Trade<\/title>\n<meta name=\"description\" content=\"RGIT informs about policy developments in Washington and offers insights about business opportunities across the country.\" \/>\n<meta name=\"robots\" content=\"index, follow, max-snippet:-1, max-image-preview:large, max-video-preview:-1\" \/>\n<link rel=\"canonical\" href=\"https:\/\/www.rgit-usa.com\/de\/themen\/energie\/\" \/>\n<meta property=\"og:locale\" content=\"de_DE\" \/>\n<meta property=\"og:type\" content=\"article\" \/>\n<meta property=\"og:title\" content=\"Energy, Policy | Representative of German Industry and Trade\" \/>\n<meta property=\"og:description\" content=\"RGIT informs about policy developments in Washington and offers insights about business opportunities across the country.\" \/>\n<meta property=\"og:url\" content=\"https:\/\/www.rgit-usa.com\/de\/themen\/energie\/\" \/>\n<meta property=\"og:site_name\" content=\"RGIT\" \/>\n<meta property=\"article:modified_time\" content=\"2024-03-13T15:18:16+00:00\" \/>\n<meta name=\"twitter:card\" content=\"summary_large_image\" \/>\n<meta name=\"twitter:site\" content=\"@RGIT_USA\" \/>\n<meta name=\"twitter:label1\" content=\"Gesch\u00e4tzte Lesezeit\" \/>\n\t<meta name=\"twitter:data1\" content=\"2\u00a0Minuten\" \/>\n<script type=\"application\/ld+json\" class=\"yoast-schema-graph\">{\"@context\":\"https:\/\/schema.org\",\"@graph\":[{\"@type\":\"WebPage\",\"@id\":\"https:\/\/www.rgit-usa.com\/de\/themen\/energie\/\",\"url\":\"https:\/\/www.rgit-usa.com\/de\/themen\/energie\/\",\"name\":\"Energy, Policy | Representative of German Industry and Trade\",\"isPartOf\":{\"@id\":\"https:\/\/www.rgit-usa.com\/de\/#website\"},\"datePublished\":\"2024-01-26T22:11:27+00:00\",\"dateModified\":\"2024-03-13T15:18:16+00:00\",\"description\":\"RGIT informs about policy developments in Washington and offers insights about business opportunities across the country.\",\"breadcrumb\":{\"@id\":\"https:\/\/www.rgit-usa.com\/de\/themen\/energie\/#breadcrumb\"},\"inLanguage\":\"de\",\"potentialAction\":[{\"@type\":\"ReadAction\",\"target\":[\"https:\/\/www.rgit-usa.com\/de\/themen\/energie\/\"]}]},{\"@type\":\"BreadcrumbList\",\"@id\":\"https:\/\/www.rgit-usa.com\/de\/themen\/energie\/#breadcrumb\",\"itemListElement\":[{\"@type\":\"ListItem\",\"position\":1,\"name\":\"Home\",\"item\":\"https:\/\/www.rgit-usa.com\/de\/\"},{\"@type\":\"ListItem\",\"position\":2,\"name\":\"THEMEN\",\"item\":\"https:\/\/www.rgit-usa.com\/de\/themen\/\"},{\"@type\":\"ListItem\",\"position\":3,\"name\":\"Energie\"}]},{\"@type\":\"WebSite\",\"@id\":\"https:\/\/www.rgit-usa.com\/de\/#website\",\"url\":\"https:\/\/www.rgit-usa.com\/de\/\",\"name\":\"Representative of German Industry and Trade (RGIT)\",\"description\":\"\",\"publisher\":{\"@id\":\"https:\/\/www.rgit-usa.com\/de\/#organization\"},\"potentialAction\":[{\"@type\":\"SearchAction\",\"target\":{\"@type\":\"EntryPoint\",\"urlTemplate\":\"https:\/\/www.rgit-usa.com\/de\/?s={search_term_string}\"},\"query-input\":\"required name=search_term_string\"}],\"inLanguage\":\"de\"},{\"@type\":\"Organization\",\"@id\":\"https:\/\/www.rgit-usa.com\/de\/#organization\",\"name\":\"Representative of German Industry and Trade (RGIT)\",\"url\":\"https:\/\/www.rgit-usa.com\/de\/\",\"logo\":{\"@type\":\"ImageObject\",\"inLanguage\":\"de\",\"@id\":\"https:\/\/www.rgit-usa.com\/de\/#\/schema\/logo\/image\/\",\"url\":\"https:\/\/www.rgit-usa.com\/wp-content\/uploads\/2024\/01\/RGIT-head.jpg\",\"contentUrl\":\"https:\/\/www.rgit-usa.com\/wp-content\/uploads\/2024\/01\/RGIT-head.jpg\",\"width\":700,\"height\":100,\"caption\":\"Representative of German Industry and Trade (RGIT)\"},\"image\":{\"@id\":\"https:\/\/www.rgit-usa.com\/de\/#\/schema\/logo\/image\/\"},\"sameAs\":[\"https:\/\/twitter.com\/RGIT_USA\",\"https:\/\/www.linkedin.com\/company\/representative-of-german-industry-and-trade\",\"https:\/\/www.youtube.com\/channel\/UC6W53WieOcFUf_O25YJEIDw\"]}]}<\/script>\n<!-- \/ Yoast SEO plugin. -->","yoast_head_json":{"title":"Energy, Policy | Representative of German Industry and Trade","description":"RGIT informs about policy developments in Washington and offers insights about business opportunities across the country.","robots":{"index":"index","follow":"follow","max-snippet":"max-snippet:-1","max-image-preview":"max-image-preview:large","max-video-preview":"max-video-preview:-1"},"canonical":"https:\/\/www.rgit-usa.com\/de\/themen\/energie\/","og_locale":"de_DE","og_type":"article","og_title":"Energy, Policy | Representative of German Industry and Trade","og_description":"RGIT informs about policy developments in Washington and offers insights about business opportunities across the country.","og_url":"https:\/\/www.rgit-usa.com\/de\/themen\/energie\/","og_site_name":"RGIT","article_modified_time":"2024-03-13T15:18:16+00:00","twitter_card":"summary_large_image","twitter_site":"@RGIT_USA","twitter_misc":{"Gesch\u00e4tzte Lesezeit":"2\u00a0Minuten"},"schema":{"@context":"https:\/\/schema.org","@graph":[{"@type":"WebPage","@id":"https:\/\/www.rgit-usa.com\/de\/themen\/energie\/","url":"https:\/\/www.rgit-usa.com\/de\/themen\/energie\/","name":"Energy, Policy | Representative of German Industry and Trade","isPartOf":{"@id":"https:\/\/www.rgit-usa.com\/de\/#website"},"datePublished":"2024-01-26T22:11:27+00:00","dateModified":"2024-03-13T15:18:16+00:00","description":"RGIT informs about policy developments in Washington and offers insights about business opportunities across the country.","breadcrumb":{"@id":"https:\/\/www.rgit-usa.com\/de\/themen\/energie\/#breadcrumb"},"inLanguage":"de","potentialAction":[{"@type":"ReadAction","target":["https:\/\/www.rgit-usa.com\/de\/themen\/energie\/"]}]},{"@type":"BreadcrumbList","@id":"https:\/\/www.rgit-usa.com\/de\/themen\/energie\/#breadcrumb","itemListElement":[{"@type":"ListItem","position":1,"name":"Home","item":"https:\/\/www.rgit-usa.com\/de\/"},{"@type":"ListItem","position":2,"name":"THEMEN","item":"https:\/\/www.rgit-usa.com\/de\/themen\/"},{"@type":"ListItem","position":3,"name":"Energie"}]},{"@type":"WebSite","@id":"https:\/\/www.rgit-usa.com\/de\/#website","url":"https:\/\/www.rgit-usa.com\/de\/","name":"Representative of German Industry and Trade (RGIT)","description":"","publisher":{"@id":"https:\/\/www.rgit-usa.com\/de\/#organization"},"potentialAction":[{"@type":"SearchAction","target":{"@type":"EntryPoint","urlTemplate":"https:\/\/www.rgit-usa.com\/de\/?s={search_term_string}"},"query-input":"required name=search_term_string"}],"inLanguage":"de"},{"@type":"Organization","@id":"https:\/\/www.rgit-usa.com\/de\/#organization","name":"Representative of German Industry and Trade (RGIT)","url":"https:\/\/www.rgit-usa.com\/de\/","logo":{"@type":"ImageObject","inLanguage":"de","@id":"https:\/\/www.rgit-usa.com\/de\/#\/schema\/logo\/image\/","url":"https:\/\/www.rgit-usa.com\/wp-content\/uploads\/2024\/01\/RGIT-head.jpg","contentUrl":"https:\/\/www.rgit-usa.com\/wp-content\/uploads\/2024\/01\/RGIT-head.jpg","width":700,"height":100,"caption":"Representative of German Industry and Trade (RGIT)"},"image":{"@id":"https:\/\/www.rgit-usa.com\/de\/#\/schema\/logo\/image\/"},"sameAs":["https:\/\/twitter.com\/RGIT_USA","https:\/\/www.linkedin.com\/company\/representative-of-german-industry-and-trade","https:\/\/www.youtube.com\/channel\/UC6W53WieOcFUf_O25YJEIDw"]}]}},"_links":{"self":[{"href":"https:\/\/www.rgit-usa.com\/de\/wp-json\/wp\/v2\/pages\/704"}],"collection":[{"href":"https:\/\/www.rgit-usa.com\/de\/wp-json\/wp\/v2\/pages"}],"about":[{"href":"https:\/\/www.rgit-usa.com\/de\/wp-json\/wp\/v2\/types\/page"}],"author":[{"embeddable":true,"href":"https:\/\/www.rgit-usa.com\/de\/wp-json\/wp\/v2\/users\/1"}],"replies":[{"embeddable":true,"href":"https:\/\/www.rgit-usa.com\/de\/wp-json\/wp\/v2\/comments?post=704"}],"version-history":[{"count":6,"href":"https:\/\/www.rgit-usa.com\/de\/wp-json\/wp\/v2\/pages\/704\/revisions"}],"predecessor-version":[{"id":886,"href":"https:\/\/www.rgit-usa.com\/de\/wp-json\/wp\/v2\/pages\/704\/revisions\/886"}],"up":[{"embeddable":true,"href":"https:\/\/www.rgit-usa.com\/de\/wp-json\/wp\/v2\/pages\/685"}],"wp:attachment":[{"href":"https:\/\/www.rgit-usa.com\/de\/wp-json\/wp\/v2\/media?parent=704"}],"curies":[{"name":"wp","href":"https:\/\/api.w.org\/{rel}","templated":true}]}}