{"id":700,"date":"2024-01-25T17:09:28","date_gmt":"2024-01-25T17:09:28","guid":{"rendered":"https:\/\/www.rgit-usa.com\/policy-areas\/trade\/"},"modified":"2024-02-28T22:05:45","modified_gmt":"2024-02-28T22:05:45","slug":"handel","status":"publish","type":"page","link":"https:\/\/www.rgit-usa.com\/de\/themen\/handel\/","title":{"rendered":"Handel"},"content":{"rendered":"<div class=\"wpb-content-wrapper\">[vc_row full_width=&#8220;stretch_row_content&#8220; content_placement=&#8220;middle&#8220; remove_bottom_col_margin=&#8220;true&#8220; min_height=&#8220;250px&#8220; css=&#8220;.vc_custom_1706202565504{background-image: url(https:\/\/www.rgit-usa.com\/wp-content\/uploads\/2024\/01\/bg-trade.jpg?id=411) !important;background-position: center !important;background-repeat: no-repeat !important;background-size: cover !important;}&#8220; wpex_bg_position=&#8220;bottom center&#8220; wpex_bg_overlay=&#8220;dark&#8220; wpex_bg_overlay_opacity=&#8220;45%&#8220;][vc_column][vc_custom_heading text=&#8220;Handel&#8220; font_container=&#8220;tag:h1|text_align:center|color:%23ffffff&#8220; google_fonts=&#8220;font_family:Lato%3A100%2C100italic%2C300%2C300italic%2Cregular%2Citalic%2C700%2C700italic%2C900%2C900italic|font_style:400%20regular%3A400%3Anormal&#8220;][\/vc_column][\/vc_row][vc_row full_width=&#8220;stretch_row&#8220; remove_bottom_col_margin=&#8220;true&#8220; css=&#8220;.vc_custom_1706303317025{padding-top: 50px !important;}&#8220;][vc_column][vc_custom_heading text=&#8220;Die transatlantischen Handels- und Wirtschaftsbeziehungen sind f\u00fcr Deutschland und die USA von zentraler Bedeutung.&#8220; font_container=&#8220;tag:h2|font_size:35px|text_align:center|color:%231d365e&#8220; google_fonts=&#8220;font_family:PT%20Sans%3Aregular%2Citalic%2C700%2C700italic|font_style:700%20bold%20regular%3A700%3Anormal&#8220; css=&#8220;.vc_custom_1707949531278{padding-top: 30px !important;}&#8220;][\/vc_column][\/vc_row][vc_row full_width=&#8220;stretch_row&#8220; remove_bottom_col_margin=&#8220;true&#8220; css=&#8220;.vc_custom_1704493764040{padding-top: 50px !important;padding-bottom: 100px !important;}&#8220;][vc_column width=&#8220;3\/4&#8243;][vc_column_text text_align=&#8220;left&#8220; css=&#8220;.vc_custom_1707949549750{padding-bottom: 50px !important;}&#8220;]Die USA sind wichtigster Absatzmarkt f\u00fcr Deutschlands Warenexporte. Deutschland wiederum ist der sechstgr\u00f6\u00dfte Abnehmer von US-Waren. Deutsche und US-amerikanische Unternehmen z\u00e4hlen zu den wichtigsten ausl\u00e4ndischen Investoren und Arbeitgebern im jeweiligen Markt. Gleichzeitig stehen die weltweite Verflechtung globaler Wertsch\u00f6pfungsketten, die Herausforderungen durch Handels- und Investitionsbarrieren, sowie das regelbasierte Welthandelssystem im Fokus von Politik und Wirtschaft. RGIT informiert regelm\u00e4\u00dfig \u00fcber wirtschaftspolitische Entwicklungen und bietet Austauschformate an. [\/vc_column_text][\/vc_column][vc_column width=&#8220;1\/4&#8243;]<style>.vcex-heading.vcex_69e1ca6e3c589{color:#1d365e;font-size:20px;font-family:'PT Sans',sans-serif;font-weight:600;}.vcex-heading.vcex_69e1ca6e3c589 .vcex-heading-side-border{border-color:#f1f2f6;}<\/style><div class=\"vcex-heading vcex-heading-side-border vcex-module wpex-heading wpex-text-2xl wpex-flex wpex-items-center vc_custom_1707949861626 vcex_69e1ca6e3c589\"><span class=\"vcex-heading-inner wpex-inline-block\">Kontakt<\/span><span class=\"vcex-heading-side-border wpex-flex-grow wpex-h-0 wpex-border-solid wpex-ml-15 wpex-border-b\"><\/span><\/div>[vc_single_image image=&#8220;345&#8243; img_caption=&#8220;Stephanie Harwood, Policy Manager&#8220;]<style>.vcex-social-links.vcex_69e1ca6e3da7a .vcex-social-links__item{color:#0a66c2;}<\/style><div class=\"vcex-social-links vcex-module wpex-flex wpex-items-center wpex-flex-wrap wpex-social-btns vcex-social-btns wpex-gap-5 wpex-last-mr-0 vcex_69e1ca6e3da7a\"><a  href=\"https:\/\/www.linkedin.com\/in\/stephanie-romina-harwood\/\" class=\"vcex-social-links__item wpex-social-btn wpex-social-btn-no-style wpex-has-custom-color vc_custom_1709157943874 wpex-linkedin\" target=\"_blank\" title=\"LinkedIn\" rel=\"noopener noreferrer\"><span class=\"vcex-social-links__icon ticon ticon-linkedin\" aria-hidden=\"true\"><\/span><span class=\"screen-reader-text\">LinkedIn<\/span><\/a><a  href=\"tel:+1-202-985-7160\" class=\"vcex-social-links__item wpex-social-btn wpex-social-btn-no-style wpex-has-custom-color vc_custom_1709157943874 wpex-phone\" target=\"_blank\" title=\"Telefon\" rel=\"noopener noreferrer\"><span class=\"vcex-social-links__icon ticon ticon-phone\" aria-hidden=\"true\"><\/span><span class=\"screen-reader-text\">Telefon<\/span><\/a><a  href=\"&#x6d;a&#x69;&#108;t&#x6f;&#58;&#x73;&#x68;a&#x72;&#119;o&#x6f;&#100;&#x40;&#114;g&#x69;&#116;-&#x75;&#115;&#x61;&#46;c&#x6f;&#109;\" class=\"vcex-social-links__item wpex-social-btn wpex-social-btn-no-style wpex-has-custom-color vc_custom_1709157943874 wpex-email\" target=\"_blank\" title=\"E-Mail\" rel=\"noopener noreferrer\"><span class=\"vcex-social-links__icon ticon ticon-envelope\" aria-hidden=\"true\"><\/span><span class=\"screen-reader-text\">E-Mail<\/span><\/a><\/div>[\/vc_column][\/vc_row]\n<\/div>","protected":false},"excerpt":{"rendered":"<p>[vc_row full_width=&#8220;stretch_row_content&#8220; content_placement=&#8220;middle&#8220; remove_bottom_col_margin=&#8220;true&#8220; min_height=&#8220;250px&#8220; css=&#8220;.vc_custom_1706202565504{background-image: url(https:\/\/www.rgit-usa.com\/wp-content\/uploads\/2024\/01\/bg-trade.jpg?id=411) !important;background-position: center !important;background-repeat: no-repeat !important;background-size: cover !important;}&#8220; wpex_bg_position=&#8220;bottom center&#8220; wpex_bg_overlay=&#8220;dark&#8220; wpex_bg_overlay_opacity=&#8220;45%&#8220;][vc_column][vc_custom_heading text=&#8220;Handel&#8220; font_container=&#8220;tag:h1|text_align:center|color:%23ffffff&#8220; google_fonts=&#8220;font_family:Lato%3A100%2C100italic%2C300%2C300italic%2Cregular%2Citalic%2C700%2C700italic%2C900%2C900italic|font_style:400%20regular%3A400%3Anormal&#8220;][\/vc_column][\/vc_row][vc_row full_width=&#8220;stretch_row&#8220; remove_bottom_col_margin=&#8220;true&#8220; css=&#8220;.vc_custom_1706303317025{padding-top: 50px !important;}&#8220;][vc_column][vc_custom_heading text=&#8220;Die transatlantischen Handels- und Wirtschaftsbeziehungen sind f\u00fcr Deutschland und die USA von zentraler Bedeutung.&#8220; font_container=&#8220;tag:h2|font_size:35px|text_align:center|color:%231d365e&#8220; google_fonts=&#8220;font_family:PT%20Sans%3Aregular%2Citalic%2C700%2C700italic|font_style:700%20bold%20regular%3A700%3Anormal&#8220; css=&#8220;.vc_custom_1707949531278{padding-top: 30px !important;}&#8220;][\/vc_column][\/vc_row][vc_row full_width=&#8220;stretch_row&#8220; remove_bottom_col_margin=&#8220;true&#8220; css=&#8220;.vc_custom_1704493764040{padding-top: 50px !important;padding-bottom: 100px !important;}&#8220;][vc_column width=&#8220;3\/4&#8243;][vc_column_text text_align=&#8220;left&#8220; css=&#8220;.vc_custom_1707949549750{padding-bottom:&hellip;<\/p>\n","protected":false},"author":1,"featured_media":0,"parent":685,"menu_order":0,"comment_status":"closed","ping_status":"closed","template":"","meta":{"footnotes":""},"yoast_head":"<!-- This site is optimized with the Yoast SEO plugin v22.1 - https:\/\/yoast.com\/wordpress\/plugins\/seo\/ -->\n<title>Trade, Policy | Representative of German Industry and Trade<\/title>\n<meta name=\"description\" content=\"If you have any questions regarding German-American trade issues, we would be happy to be your first point of contact.\" \/>\n<meta name=\"robots\" content=\"index, follow, max-snippet:-1, max-image-preview:large, max-video-preview:-1\" \/>\n<link rel=\"canonical\" href=\"https:\/\/www.rgit-usa.com\/de\/themen\/handel\/\" \/>\n<meta property=\"og:locale\" content=\"de_DE\" \/>\n<meta property=\"og:type\" content=\"article\" \/>\n<meta property=\"og:title\" content=\"Trade, Policy | Representative of German Industry and Trade\" \/>\n<meta property=\"og:description\" content=\"If you have any questions regarding German-American trade issues, we would be happy to be your first point of contact.\" \/>\n<meta property=\"og:url\" content=\"https:\/\/www.rgit-usa.com\/de\/themen\/handel\/\" \/>\n<meta property=\"og:site_name\" content=\"RGIT\" \/>\n<meta property=\"article:modified_time\" content=\"2024-02-28T22:05:45+00:00\" \/>\n<meta name=\"twitter:card\" content=\"summary_large_image\" \/>\n<meta name=\"twitter:site\" content=\"@RGIT_USA\" \/>\n<meta name=\"twitter:label1\" content=\"Gesch\u00e4tzte Lesezeit\" \/>\n\t<meta name=\"twitter:data1\" content=\"1\u00a0Minute\" \/>\n<script type=\"application\/ld+json\" class=\"yoast-schema-graph\">{\"@context\":\"https:\/\/schema.org\",\"@graph\":[{\"@type\":\"WebPage\",\"@id\":\"https:\/\/www.rgit-usa.com\/de\/themen\/handel\/\",\"url\":\"https:\/\/www.rgit-usa.com\/de\/themen\/handel\/\",\"name\":\"Trade, Policy | Representative of German Industry and Trade\",\"isPartOf\":{\"@id\":\"https:\/\/www.rgit-usa.com\/de\/#website\"},\"datePublished\":\"2024-01-25T17:09:28+00:00\",\"dateModified\":\"2024-02-28T22:05:45+00:00\",\"description\":\"If you have any questions regarding German-American trade issues, we would be happy to be your first point of contact.\",\"breadcrumb\":{\"@id\":\"https:\/\/www.rgit-usa.com\/de\/themen\/handel\/#breadcrumb\"},\"inLanguage\":\"de\",\"potentialAction\":[{\"@type\":\"ReadAction\",\"target\":[\"https:\/\/www.rgit-usa.com\/de\/themen\/handel\/\"]}]},{\"@type\":\"BreadcrumbList\",\"@id\":\"https:\/\/www.rgit-usa.com\/de\/themen\/handel\/#breadcrumb\",\"itemListElement\":[{\"@type\":\"ListItem\",\"position\":1,\"name\":\"Home\",\"item\":\"https:\/\/www.rgit-usa.com\/de\/\"},{\"@type\":\"ListItem\",\"position\":2,\"name\":\"THEMEN\",\"item\":\"https:\/\/www.rgit-usa.com\/de\/themen\/\"},{\"@type\":\"ListItem\",\"position\":3,\"name\":\"Handel\"}]},{\"@type\":\"WebSite\",\"@id\":\"https:\/\/www.rgit-usa.com\/de\/#website\",\"url\":\"https:\/\/www.rgit-usa.com\/de\/\",\"name\":\"Representative of German Industry and Trade (RGIT)\",\"description\":\"\",\"publisher\":{\"@id\":\"https:\/\/www.rgit-usa.com\/de\/#organization\"},\"potentialAction\":[{\"@type\":\"SearchAction\",\"target\":{\"@type\":\"EntryPoint\",\"urlTemplate\":\"https:\/\/www.rgit-usa.com\/de\/?s={search_term_string}\"},\"query-input\":\"required name=search_term_string\"}],\"inLanguage\":\"de\"},{\"@type\":\"Organization\",\"@id\":\"https:\/\/www.rgit-usa.com\/de\/#organization\",\"name\":\"Representative of German Industry and Trade (RGIT)\",\"url\":\"https:\/\/www.rgit-usa.com\/de\/\",\"logo\":{\"@type\":\"ImageObject\",\"inLanguage\":\"de\",\"@id\":\"https:\/\/www.rgit-usa.com\/de\/#\/schema\/logo\/image\/\",\"url\":\"https:\/\/www.rgit-usa.com\/wp-content\/uploads\/2024\/01\/RGIT-head.jpg\",\"contentUrl\":\"https:\/\/www.rgit-usa.com\/wp-content\/uploads\/2024\/01\/RGIT-head.jpg\",\"width\":700,\"height\":100,\"caption\":\"Representative of German Industry and Trade (RGIT)\"},\"image\":{\"@id\":\"https:\/\/www.rgit-usa.com\/de\/#\/schema\/logo\/image\/\"},\"sameAs\":[\"https:\/\/twitter.com\/RGIT_USA\",\"https:\/\/www.linkedin.com\/company\/representative-of-german-industry-and-trade\",\"https:\/\/www.youtube.com\/channel\/UC6W53WieOcFUf_O25YJEIDw\"]}]}<\/script>\n<!-- \/ Yoast SEO plugin. -->","yoast_head_json":{"title":"Trade, Policy | Representative of German Industry and Trade","description":"If you have any questions regarding German-American trade issues, we would be happy to be your first point of contact.","robots":{"index":"index","follow":"follow","max-snippet":"max-snippet:-1","max-image-preview":"max-image-preview:large","max-video-preview":"max-video-preview:-1"},"canonical":"https:\/\/www.rgit-usa.com\/de\/themen\/handel\/","og_locale":"de_DE","og_type":"article","og_title":"Trade, Policy | Representative of German Industry and Trade","og_description":"If you have any questions regarding German-American trade issues, we would be happy to be your first point of contact.","og_url":"https:\/\/www.rgit-usa.com\/de\/themen\/handel\/","og_site_name":"RGIT","article_modified_time":"2024-02-28T22:05:45+00:00","twitter_card":"summary_large_image","twitter_site":"@RGIT_USA","twitter_misc":{"Gesch\u00e4tzte Lesezeit":"1\u00a0Minute"},"schema":{"@context":"https:\/\/schema.org","@graph":[{"@type":"WebPage","@id":"https:\/\/www.rgit-usa.com\/de\/themen\/handel\/","url":"https:\/\/www.rgit-usa.com\/de\/themen\/handel\/","name":"Trade, Policy | Representative of German Industry and Trade","isPartOf":{"@id":"https:\/\/www.rgit-usa.com\/de\/#website"},"datePublished":"2024-01-25T17:09:28+00:00","dateModified":"2024-02-28T22:05:45+00:00","description":"If you have any questions regarding German-American trade issues, we would be happy to be your first point of contact.","breadcrumb":{"@id":"https:\/\/www.rgit-usa.com\/de\/themen\/handel\/#breadcrumb"},"inLanguage":"de","potentialAction":[{"@type":"ReadAction","target":["https:\/\/www.rgit-usa.com\/de\/themen\/handel\/"]}]},{"@type":"BreadcrumbList","@id":"https:\/\/www.rgit-usa.com\/de\/themen\/handel\/#breadcrumb","itemListElement":[{"@type":"ListItem","position":1,"name":"Home","item":"https:\/\/www.rgit-usa.com\/de\/"},{"@type":"ListItem","position":2,"name":"THEMEN","item":"https:\/\/www.rgit-usa.com\/de\/themen\/"},{"@type":"ListItem","position":3,"name":"Handel"}]},{"@type":"WebSite","@id":"https:\/\/www.rgit-usa.com\/de\/#website","url":"https:\/\/www.rgit-usa.com\/de\/","name":"Representative of German Industry and Trade (RGIT)","description":"","publisher":{"@id":"https:\/\/www.rgit-usa.com\/de\/#organization"},"potentialAction":[{"@type":"SearchAction","target":{"@type":"EntryPoint","urlTemplate":"https:\/\/www.rgit-usa.com\/de\/?s={search_term_string}"},"query-input":"required name=search_term_string"}],"inLanguage":"de"},{"@type":"Organization","@id":"https:\/\/www.rgit-usa.com\/de\/#organization","name":"Representative of German Industry and Trade (RGIT)","url":"https:\/\/www.rgit-usa.com\/de\/","logo":{"@type":"ImageObject","inLanguage":"de","@id":"https:\/\/www.rgit-usa.com\/de\/#\/schema\/logo\/image\/","url":"https:\/\/www.rgit-usa.com\/wp-content\/uploads\/2024\/01\/RGIT-head.jpg","contentUrl":"https:\/\/www.rgit-usa.com\/wp-content\/uploads\/2024\/01\/RGIT-head.jpg","width":700,"height":100,"caption":"Representative of German Industry and Trade (RGIT)"},"image":{"@id":"https:\/\/www.rgit-usa.com\/de\/#\/schema\/logo\/image\/"},"sameAs":["https:\/\/twitter.com\/RGIT_USA","https:\/\/www.linkedin.com\/company\/representative-of-german-industry-and-trade","https:\/\/www.youtube.com\/channel\/UC6W53WieOcFUf_O25YJEIDw"]}]}},"_links":{"self":[{"href":"https:\/\/www.rgit-usa.com\/de\/wp-json\/wp\/v2\/pages\/700"}],"collection":[{"href":"https:\/\/www.rgit-usa.com\/de\/wp-json\/wp\/v2\/pages"}],"about":[{"href":"https:\/\/www.rgit-usa.com\/de\/wp-json\/wp\/v2\/types\/page"}],"author":[{"embeddable":true,"href":"https:\/\/www.rgit-usa.com\/de\/wp-json\/wp\/v2\/users\/1"}],"replies":[{"embeddable":true,"href":"https:\/\/www.rgit-usa.com\/de\/wp-json\/wp\/v2\/comments?post=700"}],"version-history":[{"count":5,"href":"https:\/\/www.rgit-usa.com\/de\/wp-json\/wp\/v2\/pages\/700\/revisions"}],"predecessor-version":[{"id":863,"href":"https:\/\/www.rgit-usa.com\/de\/wp-json\/wp\/v2\/pages\/700\/revisions\/863"}],"up":[{"embeddable":true,"href":"https:\/\/www.rgit-usa.com\/de\/wp-json\/wp\/v2\/pages\/685"}],"wp:attachment":[{"href":"https:\/\/www.rgit-usa.com\/de\/wp-json\/wp\/v2\/media?parent=700"}],"curies":[{"name":"wp","href":"https:\/\/api.w.org\/{rel}","templated":true}]}}