{"id":685,"date":"2024-01-25T17:11:42","date_gmt":"2024-01-25T17:11:42","guid":{"rendered":"https:\/\/www.rgit-usa.com\/policy-areas\/"},"modified":"2024-02-23T17:53:58","modified_gmt":"2024-02-23T17:53:58","slug":"themen","status":"publish","type":"page","link":"https:\/\/www.rgit-usa.com\/de\/themen\/","title":{"rendered":"THEMEN"},"content":{"rendered":"<div class=\"wpb-content-wrapper\">[vc_row full_width=&#8220;stretch_row_content&#8220; content_placement=&#8220;middle&#8220; remove_bottom_col_margin=&#8220;true&#8220; min_height=&#8220;250px&#8220; css=&#8220;.vc_custom_1706202796558{background-image: url(https:\/\/www.rgit-usa.com\/wp-content\/uploads\/2024\/01\/main3-bg.jpg?id=135) !important;background-position: center !important;background-repeat: no-repeat !important;background-size: cover !important;}&#8220; wpex_bg_position=&#8220;bottom center&#8220; wpex_bg_overlay=&#8220;dark&#8220; wpex_bg_overlay_opacity=&#8220;45%&#8220;][vc_column][vc_custom_heading text=&#8220;Themen&#8220; font_container=&#8220;tag:h1|text_align:center|color:%23ffffff&#8220; google_fonts=&#8220;font_family:Lato%3A100%2C100italic%2C300%2C300italic%2Cregular%2Citalic%2C700%2C700italic%2C900%2C900italic|font_style:400%20regular%3A400%3Anormal&#8220;][\/vc_column][\/vc_row][vc_row full_width=&#8220;stretch_row&#8220; css=&#8220;.vc_custom_1706203000369{padding-top: 50px !important;padding-bottom: 25px !important;}&#8220;][vc_column][vc_column_text text_align=&#8220;center&#8220; css=&#8220;.vc_custom_1708710835931{padding-top: 50px !important;}&#8220;]Im Rahmen seiner Kernaufgabe, die deutsch-amerikanischen Wirtschaftsbeziehungen zu vertiefen, informiert RGIT \u00fcber Schwerpunktthemen im transatlantischen Verh\u00e4ltnis. Unternehmen erhalten so Informationen \u00fcber den Standort USA und zu wirtschaftspolitischen Entwicklungen, die sie bei ihrer Gesch\u00e4ftst\u00e4tigkeit unterst\u00fctzen sollen. Dar\u00fcber hinaus f\u00f6rdert RGIT am Standort Washington den Austausch zu diesen Themen mit amerikanischen und deutschen Ansprechpartnern.[\/vc_column_text][\/vc_column][\/vc_row][vc_row full_width=&#8220;stretch_row&#8220; css=&#8220;.vc_custom_1706203004863{padding-bottom: 100px !important;}&#8220;][vc_column width=&#8220;1\/3&#8243;][vc_single_image image=&#8220;155&#8243; onclick=&#8220;custom_link&#8220; img_caption=&#8220;Handel&#8220; link=&#8220;\/de\/themen\/handel\/&#8220; img_hover=&#8220;fade-out&#8220;][\/vc_column][vc_column width=&#8220;1\/3&#8243;][vc_single_image image=&#8220;185&#8243; onclick=&#8220;custom_link&#8220; img_caption=&#8220;Energie&#8220; link=&#8220;\/de\/themen\/energie\/&#8220; img_hover=&#8220;fade-out&#8220;][\/vc_column][vc_column width=&#8220;1\/3&#8243;][vc_single_image image=&#8220;187&#8243; onclick=&#8220;custom_link&#8220; img_caption=&#8220;Digitalisierung&#8220; link=&#8220;\/de\/themen\/digitalisierung\/&#8220; img_hover=&#8220;fade-out&#8220;][\/vc_column][\/vc_row]\n<\/div>","protected":false},"excerpt":{"rendered":"<p>[vc_row full_width=&#8220;stretch_row_content&#8220; content_placement=&#8220;middle&#8220; remove_bottom_col_margin=&#8220;true&#8220; min_height=&#8220;250px&#8220; css=&#8220;.vc_custom_1706202796558{background-image: url(https:\/\/www.rgit-usa.com\/wp-content\/uploads\/2024\/01\/main3-bg.jpg?id=135) !important;background-position: center !important;background-repeat: no-repeat !important;background-size: cover !important;}&#8220; wpex_bg_position=&#8220;bottom center&#8220; wpex_bg_overlay=&#8220;dark&#8220; wpex_bg_overlay_opacity=&#8220;45%&#8220;][vc_column][vc_custom_heading text=&#8220;Themen&#8220; font_container=&#8220;tag:h1|text_align:center|color:%23ffffff&#8220; google_fonts=&#8220;font_family:Lato%3A100%2C100italic%2C300%2C300italic%2Cregular%2Citalic%2C700%2C700italic%2C900%2C900italic|font_style:400%20regular%3A400%3Anormal&#8220;][\/vc_column][\/vc_row][vc_row full_width=&#8220;stretch_row&#8220; css=&#8220;.vc_custom_1706203000369{padding-top: 50px !important;padding-bottom: 25px !important;}&#8220;][vc_column][vc_column_text text_align=&#8220;center&#8220; css=&#8220;.vc_custom_1708710835931{padding-top: 50px !important;}&#8220;]Im Rahmen seiner Kernaufgabe, die deutsch-amerikanischen Wirtschaftsbeziehungen zu vertiefen, informiert RGIT \u00fcber Schwerpunktthemen im transatlantischen Verh\u00e4ltnis. Unternehmen erhalten so Informationen \u00fcber den Standort USA und&hellip;<\/p>\n","protected":false},"author":1,"featured_media":0,"parent":0,"menu_order":0,"comment_status":"closed","ping_status":"closed","template":"","meta":{"footnotes":""},"yoast_head":"<!-- This site is optimized with the Yoast SEO plugin v22.1 - https:\/\/yoast.com\/wordpress\/plugins\/seo\/ -->\n<title>Themen | Representative of German Industry and Trade<\/title>\n<meta name=\"description\" content=\"Im Rahmen seiner Kernaufgabe, die deutsch-amerikanischen Wirtschaftsbeziehungen zu vertiefen, informiert RGIT die Wirtschaft \u00fcber Schwerpunktthemen im transatlantischen Verh\u00e4ltnis.\" \/>\n<meta name=\"robots\" content=\"index, follow, max-snippet:-1, max-image-preview:large, max-video-preview:-1\" \/>\n<link rel=\"canonical\" href=\"https:\/\/www.rgit-usa.com\/de\/themen\/\" \/>\n<meta property=\"og:locale\" content=\"de_DE\" \/>\n<meta property=\"og:type\" content=\"article\" \/>\n<meta property=\"og:title\" content=\"Themen | Representative of German Industry and Trade\" \/>\n<meta property=\"og:description\" content=\"Im Rahmen seiner Kernaufgabe, die deutsch-amerikanischen Wirtschaftsbeziehungen zu vertiefen, informiert RGIT die Wirtschaft \u00fcber Schwerpunktthemen im transatlantischen Verh\u00e4ltnis.\" \/>\n<meta property=\"og:url\" content=\"https:\/\/www.rgit-usa.com\/de\/themen\/\" \/>\n<meta property=\"og:site_name\" content=\"RGIT\" \/>\n<meta property=\"article:modified_time\" content=\"2024-02-23T17:53:58+00:00\" \/>\n<meta name=\"twitter:card\" content=\"summary_large_image\" \/>\n<meta name=\"twitter:site\" content=\"@RGIT_USA\" \/>\n<meta name=\"twitter:label1\" content=\"Gesch\u00e4tzte Lesezeit\" \/>\n\t<meta name=\"twitter:data1\" content=\"2\u00a0Minuten\" \/>\n<script type=\"application\/ld+json\" class=\"yoast-schema-graph\">{\"@context\":\"https:\/\/schema.org\",\"@graph\":[{\"@type\":\"WebPage\",\"@id\":\"https:\/\/www.rgit-usa.com\/de\/themen\/\",\"url\":\"https:\/\/www.rgit-usa.com\/de\/themen\/\",\"name\":\"Themen | Representative of German Industry and Trade\",\"isPartOf\":{\"@id\":\"https:\/\/www.rgit-usa.com\/de\/#website\"},\"datePublished\":\"2024-01-25T17:11:42+00:00\",\"dateModified\":\"2024-02-23T17:53:58+00:00\",\"description\":\"Im Rahmen seiner Kernaufgabe, die deutsch-amerikanischen Wirtschaftsbeziehungen zu vertiefen, informiert RGIT die Wirtschaft \u00fcber Schwerpunktthemen im transatlantischen Verh\u00e4ltnis.\",\"breadcrumb\":{\"@id\":\"https:\/\/www.rgit-usa.com\/de\/themen\/#breadcrumb\"},\"inLanguage\":\"de\",\"potentialAction\":[{\"@type\":\"ReadAction\",\"target\":[\"https:\/\/www.rgit-usa.com\/de\/themen\/\"]}]},{\"@type\":\"BreadcrumbList\",\"@id\":\"https:\/\/www.rgit-usa.com\/de\/themen\/#breadcrumb\",\"itemListElement\":[{\"@type\":\"ListItem\",\"position\":1,\"name\":\"Home\",\"item\":\"https:\/\/www.rgit-usa.com\/de\/\"},{\"@type\":\"ListItem\",\"position\":2,\"name\":\"THEMEN\"}]},{\"@type\":\"WebSite\",\"@id\":\"https:\/\/www.rgit-usa.com\/de\/#website\",\"url\":\"https:\/\/www.rgit-usa.com\/de\/\",\"name\":\"Representative of German Industry and Trade (RGIT)\",\"description\":\"\",\"publisher\":{\"@id\":\"https:\/\/www.rgit-usa.com\/de\/#organization\"},\"potentialAction\":[{\"@type\":\"SearchAction\",\"target\":{\"@type\":\"EntryPoint\",\"urlTemplate\":\"https:\/\/www.rgit-usa.com\/de\/?s={search_term_string}\"},\"query-input\":\"required name=search_term_string\"}],\"inLanguage\":\"de\"},{\"@type\":\"Organization\",\"@id\":\"https:\/\/www.rgit-usa.com\/de\/#organization\",\"name\":\"Representative of German Industry and Trade (RGIT)\",\"url\":\"https:\/\/www.rgit-usa.com\/de\/\",\"logo\":{\"@type\":\"ImageObject\",\"inLanguage\":\"de\",\"@id\":\"https:\/\/www.rgit-usa.com\/de\/#\/schema\/logo\/image\/\",\"url\":\"https:\/\/www.rgit-usa.com\/wp-content\/uploads\/2024\/01\/RGIT-head.jpg\",\"contentUrl\":\"https:\/\/www.rgit-usa.com\/wp-content\/uploads\/2024\/01\/RGIT-head.jpg\",\"width\":700,\"height\":100,\"caption\":\"Representative of German Industry and Trade (RGIT)\"},\"image\":{\"@id\":\"https:\/\/www.rgit-usa.com\/de\/#\/schema\/logo\/image\/\"},\"sameAs\":[\"https:\/\/twitter.com\/RGIT_USA\",\"https:\/\/www.linkedin.com\/company\/representative-of-german-industry-and-trade\",\"https:\/\/www.youtube.com\/channel\/UC6W53WieOcFUf_O25YJEIDw\"]}]}<\/script>\n<!-- \/ Yoast SEO plugin. -->","yoast_head_json":{"title":"Themen | Representative of German Industry and Trade","description":"Im Rahmen seiner Kernaufgabe, die deutsch-amerikanischen Wirtschaftsbeziehungen zu vertiefen, informiert RGIT die Wirtschaft \u00fcber Schwerpunktthemen im transatlantischen Verh\u00e4ltnis.","robots":{"index":"index","follow":"follow","max-snippet":"max-snippet:-1","max-image-preview":"max-image-preview:large","max-video-preview":"max-video-preview:-1"},"canonical":"https:\/\/www.rgit-usa.com\/de\/themen\/","og_locale":"de_DE","og_type":"article","og_title":"Themen | Representative of German Industry and Trade","og_description":"Im Rahmen seiner Kernaufgabe, die deutsch-amerikanischen Wirtschaftsbeziehungen zu vertiefen, informiert RGIT die Wirtschaft \u00fcber Schwerpunktthemen im transatlantischen Verh\u00e4ltnis.","og_url":"https:\/\/www.rgit-usa.com\/de\/themen\/","og_site_name":"RGIT","article_modified_time":"2024-02-23T17:53:58+00:00","twitter_card":"summary_large_image","twitter_site":"@RGIT_USA","twitter_misc":{"Gesch\u00e4tzte Lesezeit":"2\u00a0Minuten"},"schema":{"@context":"https:\/\/schema.org","@graph":[{"@type":"WebPage","@id":"https:\/\/www.rgit-usa.com\/de\/themen\/","url":"https:\/\/www.rgit-usa.com\/de\/themen\/","name":"Themen | Representative of German Industry and Trade","isPartOf":{"@id":"https:\/\/www.rgit-usa.com\/de\/#website"},"datePublished":"2024-01-25T17:11:42+00:00","dateModified":"2024-02-23T17:53:58+00:00","description":"Im Rahmen seiner Kernaufgabe, die deutsch-amerikanischen Wirtschaftsbeziehungen zu vertiefen, informiert RGIT die Wirtschaft \u00fcber Schwerpunktthemen im transatlantischen Verh\u00e4ltnis.","breadcrumb":{"@id":"https:\/\/www.rgit-usa.com\/de\/themen\/#breadcrumb"},"inLanguage":"de","potentialAction":[{"@type":"ReadAction","target":["https:\/\/www.rgit-usa.com\/de\/themen\/"]}]},{"@type":"BreadcrumbList","@id":"https:\/\/www.rgit-usa.com\/de\/themen\/#breadcrumb","itemListElement":[{"@type":"ListItem","position":1,"name":"Home","item":"https:\/\/www.rgit-usa.com\/de\/"},{"@type":"ListItem","position":2,"name":"THEMEN"}]},{"@type":"WebSite","@id":"https:\/\/www.rgit-usa.com\/de\/#website","url":"https:\/\/www.rgit-usa.com\/de\/","name":"Representative of German Industry and Trade (RGIT)","description":"","publisher":{"@id":"https:\/\/www.rgit-usa.com\/de\/#organization"},"potentialAction":[{"@type":"SearchAction","target":{"@type":"EntryPoint","urlTemplate":"https:\/\/www.rgit-usa.com\/de\/?s={search_term_string}"},"query-input":"required name=search_term_string"}],"inLanguage":"de"},{"@type":"Organization","@id":"https:\/\/www.rgit-usa.com\/de\/#organization","name":"Representative of German Industry and Trade (RGIT)","url":"https:\/\/www.rgit-usa.com\/de\/","logo":{"@type":"ImageObject","inLanguage":"de","@id":"https:\/\/www.rgit-usa.com\/de\/#\/schema\/logo\/image\/","url":"https:\/\/www.rgit-usa.com\/wp-content\/uploads\/2024\/01\/RGIT-head.jpg","contentUrl":"https:\/\/www.rgit-usa.com\/wp-content\/uploads\/2024\/01\/RGIT-head.jpg","width":700,"height":100,"caption":"Representative of German Industry and Trade (RGIT)"},"image":{"@id":"https:\/\/www.rgit-usa.com\/de\/#\/schema\/logo\/image\/"},"sameAs":["https:\/\/twitter.com\/RGIT_USA","https:\/\/www.linkedin.com\/company\/representative-of-german-industry-and-trade","https:\/\/www.youtube.com\/channel\/UC6W53WieOcFUf_O25YJEIDw"]}]}},"_links":{"self":[{"href":"https:\/\/www.rgit-usa.com\/de\/wp-json\/wp\/v2\/pages\/685"}],"collection":[{"href":"https:\/\/www.rgit-usa.com\/de\/wp-json\/wp\/v2\/pages"}],"about":[{"href":"https:\/\/www.rgit-usa.com\/de\/wp-json\/wp\/v2\/types\/page"}],"author":[{"embeddable":true,"href":"https:\/\/www.rgit-usa.com\/de\/wp-json\/wp\/v2\/users\/1"}],"replies":[{"embeddable":true,"href":"https:\/\/www.rgit-usa.com\/de\/wp-json\/wp\/v2\/comments?post=685"}],"version-history":[{"count":6,"href":"https:\/\/www.rgit-usa.com\/de\/wp-json\/wp\/v2\/pages\/685\/revisions"}],"predecessor-version":[{"id":834,"href":"https:\/\/www.rgit-usa.com\/de\/wp-json\/wp\/v2\/pages\/685\/revisions\/834"}],"wp:attachment":[{"href":"https:\/\/www.rgit-usa.com\/de\/wp-json\/wp\/v2\/media?parent=685"}],"curies":[{"name":"wp","href":"https:\/\/api.w.org\/{rel}","templated":true}]}}